{"id":962,"date":"2025-02-15T12:39:50","date_gmt":"2025-02-15T16:39:50","guid":{"rendered":"https:\/\/observatoriodacidadania.ufms.br\/?page_id=962"},"modified":"2026-04-24T10:51:04","modified_gmt":"2026-04-24T14:51:04","slug":"documentos","status":"publish","type":"page","link":"https:\/\/observatoriodacidadania.ufms.br\/en\/documentos\/","title":{"rendered":"Documentos"},"content":{"rendered":"<h4>Perfis Municipais<\/h4>\n<ul>\n<li class=\"text-justify\"><a href=\"https:\/\/drive.google.com\/file\/d\/1I8mzFDXxoUPA4l8hSVnG2Mo5DIrkNHlB\/view?usp=sharing\" target=\"_blank\" rel=\"noopener\"><strong>Iguatemi<\/strong><\/a> &#8211; Perfil municipal de Iguatemi, com dados e \u00edndices sobre o munic\u00edpio.<br \/>\n&nbsp;\n<\/li>\n<li class=\"text-justify\"><a href=\"https:\/\/drive.google.com\/file\/d\/1cy4Rw-m3FFZsd6MobkjROlahY4myO-b0\/view?usp=sharing\" target=\"_blank\" rel=\"noopener\"><strong>Mundo Novo<\/strong><\/a> &#8211; Perfil municipal de Mundo Novo, com dados e \u00edndices sobre o munic\u00edpio.<br \/>\n&nbsp;\n<\/li>\n<li class=\"text-justify\"><a href=\"https:\/\/drive.google.com\/file\/d\/1pGDuR2-JFYqdDEg0XJkmq6HxyKDvyIKm\/view?usp=sharing\" target=\"_blank\" rel=\"noopener\"><strong>Navira\u00ed<\/strong><\/a> &#8211; Perfil municipal de Navira\u00ed, com dados e \u00edndices sobre o munic\u00edpio.<br \/>\n&nbsp;\n<\/li>\n<\/ul>\n<hr>\n<h4>Documentos<\/h4>\n<ul>\n<li class=\"text-justify\"><a href=\"https:\/\/www.planalto.gov.br\/ccivil_03\/constituicao\/constituicao.htm\" target=\"_blank\" rel=\"noopener\"><strong>Constitui\u00e7\u00e3o Federal<\/strong><\/a> &#8211; Texto Constitucional promulgado em 5 de outubro de 1988, consolidado com as altera\u00e7\u00f5es adotadas pelas Emendas Constitucionais.<br \/>\n&nbsp;\n<\/li>\n<li class=\"text-justify\"><a href=\"http:\/\/aacpdappls.net.ms.gov.br\/appls\/legislacao\/secoge\/govato.nsf\/1b758e65922af3e904256b220050342a\/dfde24a4767ddcbf04257e4b006c0233?OpenDocument&amp;Highlight=2,idoso\" target=\"_blank\" rel=\"noopener\"><strong>Constitui\u00e7\u00e3o Estadual do Mato Grosso do Sul<\/strong><\/a> &#8211; Texto Constitucional promulgado em 5 de outubro de 1989, consolidado com as altera\u00e7\u00f5es adotadas pelas Emendas Constitucionais.<br \/>\n&nbsp;\n<\/li>\n<li><a href=\"https:\/\/www.planalto.gov.br\/ccivil_03\/leis\/l8069.htm\" target=\"_blank\" rel=\"noopener\"><strong>Estatuto da Crian\u00e7a e do Adolescente<\/strong><\/a> &#8211; Lei que institui o Estatuto da Crian\u00e7a e do Adolescente disp\u00f5e sobre a prote\u00e7\u00e3o integral \u00e0 crian\u00e7a e ao adolescente.<br \/>\n&nbsp;\n<\/li>\n<li><a href=\"https:\/\/www.planalto.gov.br\/ccivil_03\/_ato2011-2014\/2013\/lei\/l12852.htm\" target=\"_blank\" rel=\"noopener\"><strong>Estatuto da Juventude<\/strong><\/a> &#8211; Lei que institui o Estatuto da Juventude e disp\u00f5e sobre os direitos dos jovens, os princ\u00edpios e diretrizes das pol\u00edticas p\u00fablicas de juventude e o Sistema Nacional de Juventude &#8211; SINAJUVE.<br \/>\n&nbsp;\n<\/li>\n<li><a href=\"https:\/\/www.planalto.gov.br\/ccivil_03\/leis\/2003\/L10.741compilado.htm\" target=\"_blank\" rel=\"noopener\"><strong>Estatuto da Pessoa Idosa<\/strong><\/a> &#8211;\u00a0 Lei que disp\u00f5e sobre o Estatuto da Pessoa Idosa e d\u00e1 outras provid\u00eancias.<br \/>\n&nbsp;\n<\/li>\n<li><a href=\"\/files\/2025\/06\/CARTILHA_GRUPO_DE_TRABALHO_NACIONAL_PARA_AS_LINGUAS_INGIGENAS_DO_BRASIL.pdf\" target=\"_blank\"><strong>Cartilha do Grupo de Trabalho Nacional para as L\u00ednguas Ind\u00edgenas do Brasil Digital<\/strong><\/a> &#8211;\u00a0 Ferramenta que orienta pol\u00edticas p\u00fablicas, promovendo o di\u00e1logo, a valoriza\u00e7\u00e3o e a preserva\u00e7\u00e3o das l\u00ednguas ind\u00edgenas, garantindo diversidade cultural e direitos \u00e0s futuras gera\u00e7\u00f5es.<br \/>\n&nbsp;\n<\/li>\n<li><a href=\"\/files\/2025\/06\/cartilha_de_cooficializacao_de_linguas_indigenas.pdf\" target=\"_blank\"><strong>Cartilha de Cooficializa\u00e7\u00e3o das L\u00ednguas Ind\u00edgenas<\/strong><\/a> &#8211;\u00a0 Cartilha orienta a cooficializa\u00e7\u00e3o de l\u00ednguas ind\u00edgenas, promovendo revitaliza\u00e7\u00e3o, preserva\u00e7\u00e3o cultural e reconhecimento regional. Hoje, existem 37 l\u00ednguas cooficializadas e 47 pol\u00edticas ativas.<br \/>\n&nbsp;\n<\/li>\n<li><a href=\"\/files\/2025\/06\/Cartilha_BRASLIND_CARTILHA_DIGITAL.pdf\" target=\"_blank\"><strong>Braslind: O caminho para as l\u00ednguas ancestrais<\/strong><\/a> &#8211;\u00a0Cartilha orienta diretrizes para preservar, ensinar e reconhecer os direitos lingu\u00edsticos, educacionais e culturais das comunidades ind\u00edgenas usu\u00e1rias dessas l\u00ednguas.<br \/>\n&nbsp;\n<\/li>\n<li><a href=\"\/files\/2025\/06\/Cartilha_Linguas_Indigenas_de_Sinais_LIS.pdf\" target=\"_blank\"><strong>L\u00ednguas Ind\u00edgenas de Sinais (LIS)<\/strong><\/a> &#8211;\u00a0Cartilha aborda o portugu\u00eas indigenizado, marcado por influ\u00eancias nativas, refletindo cultura ancestral e servindo como ponte para o reencontro com l\u00ednguas ind\u00edgenas.<br \/>\n&nbsp;\n<\/li>\n<\/ul>","protected":false},"excerpt":{"rendered":"<p>Perfis Municipais Iguatemi &#8211; Perfil municipal de Iguatemi, com dados e \u00edndices sobre o munic\u00edpio. &nbsp; Mundo Novo &#8211; Perfil municipal de Mundo Novo, com dados e \u00edndices sobre o munic\u00edpio. &nbsp; Navira\u00ed &#8211; Perfil municipal de Navira\u00ed, com dados e \u00edndices sobre o munic\u00edpio. &nbsp; Documentos Constitui\u00e7\u00e3o Federal &#8211; Texto Constitucional promulgado em 5 [&hellip;]<\/p>\n","protected":false},"author":1443,"featured_media":0,"parent":0,"menu_order":0,"comment_status":"closed","ping_status":"closed","template":"","meta":{"footnotes":""},"coauthors":[18],"class_list":["post-962","page","type-page","status-publish","hentry"],"_links":{"self":[{"href":"https:\/\/observatoriodacidadania.ufms.br\/en\/wp-json\/wp\/v2\/pages\/962","targetHints":{"allow":["GET"]}}],"collection":[{"href":"https:\/\/observatoriodacidadania.ufms.br\/en\/wp-json\/wp\/v2\/pages"}],"about":[{"href":"https:\/\/observatoriodacidadania.ufms.br\/en\/wp-json\/wp\/v2\/types\/page"}],"author":[{"embeddable":true,"href":"https:\/\/observatoriodacidadania.ufms.br\/en\/wp-json\/wp\/v2\/users\/1443"}],"replies":[{"embeddable":true,"href":"https:\/\/observatoriodacidadania.ufms.br\/en\/wp-json\/wp\/v2\/comments?post=962"}],"version-history":[{"count":22,"href":"https:\/\/observatoriodacidadania.ufms.br\/en\/wp-json\/wp\/v2\/pages\/962\/revisions"}],"predecessor-version":[{"id":2490,"href":"https:\/\/observatoriodacidadania.ufms.br\/en\/wp-json\/wp\/v2\/pages\/962\/revisions\/2490"}],"wp:attachment":[{"href":"https:\/\/observatoriodacidadania.ufms.br\/en\/wp-json\/wp\/v2\/media?parent=962"}],"wp:term":[{"taxonomy":"author","embeddable":true,"href":"https:\/\/observatoriodacidadania.ufms.br\/en\/wp-json\/wp\/v2\/coauthors?post=962"}],"curies":[{"name":"wp","href":"https:\/\/api.w.org\/{rel}","templated":true}]}}