{"id":872,"date":"2025-01-27T14:32:42","date_gmt":"2025-01-27T18:32:42","guid":{"rendered":"https:\/\/observatoriodacidadania.ufms.br\/?page_id=872"},"modified":"2026-05-01T10:56:35","modified_gmt":"2026-05-01T14:56:35","slug":"cidadania-em-numeros","status":"publish","type":"page","link":"https:\/\/observatoriodacidadania.ufms.br\/en\/cidadania-em-numeros\/","title":{"rendered":"Cidadania em N\u00fameros"},"content":{"rendered":"<div style=\"position:relative\">\n<div id=\"aviso-inicial\" style=\"display: none; position: absolute; top: 30px; left: 10%; width: 80%; background: #336699; border-radius:10px; padding: 30px; text-align: center; z-index: 99999;\">\n    <button id=\"fechar-x\" style=\"position:absolute;top:10px;right:10px;background:transparent;border:none;font-size:20px;color:#fff;cursor:pointer;\">&#10005;<\/button><\/p>\n<p style=\"color:#EEE\">\u26a0\ufe0f Alguns quadros informativos associados aos \u00edcones \u24d8 ser\u00e3o exibidos na sua primeira visualiza\u00e7\u00e3o. Clique em <b>CONTINUAR<\/b> para prosseguir. Ap\u00f3s o primeiro acesso, esses quadros n\u00e3o voltar\u00e3o a ser exibidos.<\/p>\n<\/div>\n<\/div>\n<p><script>\nfunction setCookie(name, value, days) {\n    var expires = \"\";\n    if (days) {\n        var date = new Date();\n        date.setTime(date.getTime() + (days * 24 * 60 * 60 * 1000));\n        expires = \"; expires=\" + date.toUTCString();\n    }\n    document.cookie = name + \"=\" + (value || \"\") + expires + \"; path=\/\";\n}\nfunction getCookie(name) {\n    var nameEQ = name + \"=\";\n    var ca = document.cookie.split(';');\n    for (var i = 0; i < ca.length; i++) {\n        var c = ca[i];\n        while (c.charAt(0) == ' ') c = c.substring(1, c.length);\n        if (c.indexOf(nameEQ) == 0) return c.substring(nameEQ.length, c.length);\n    }\n    return null;\n}\ndocument.addEventListener('DOMContentLoaded', function () {\n    return;\n    var aviso = document.getElementById('aviso-inicial');\n    var fecharTexto = document.getElementById('fechar-aviso');\n    var fecharX = document.getElementById('fechar-x');\n    \/\/ Mostra o aviso se n\u00e3o tiver cookie\n    if (!getCookie('avisoCidadania')) {\n        aviso.style.display = 'block';\n    }\n    function fecharAviso(e) {\n        e.preventDefault();\n        aviso.style.display = 'none';\n        setCookie('avisoCidadania', 'true', 7);\n    }\n    if(fecharTexto)fecharTexto.addEventListener('click', fecharAviso);\n    if(fecharX)    fecharX    .addEventListener('click', fecharAviso);\n});\n<\/script><br \/>\n<iframe src=\"https:\/\/lookerstudio.google.com\/embed\/reporting\/d4262d72-3275-4ee5-a285-c0e0af8e4297\/page\/p_pp1de8dopd\" width=\"1100\" height=\"2630\" frameborder=\"0\" sandbox=\"allow-storage-access-by-user-activation allow-scripts allow-same-origin allow-popups allow-popups-to-escape-sandbox\" allowfullscreen=\"allowfullscreen\"><\/iframe><br \/>","protected":false},"excerpt":{"rendered":"<p>&#10005; \u26a0\ufe0f Alguns quadros informativos associados aos \u00edcones \u24d8 ser\u00e3o exibidos na sua primeira visualiza\u00e7\u00e3o. Clique em CONTINUAR para prosseguir. Ap\u00f3s o primeiro acesso, esses quadros n\u00e3o voltar\u00e3o a ser exibidos.<\/p>\n","protected":false},"author":1443,"featured_media":0,"parent":0,"menu_order":0,"comment_status":"closed","ping_status":"closed","template":"page-templates\/full-width.php","meta":{"footnotes":""},"coauthors":[18],"class_list":["post-872","page","type-page","status-publish","hentry"],"_links":{"self":[{"href":"https:\/\/observatoriodacidadania.ufms.br\/en\/wp-json\/wp\/v2\/pages\/872","targetHints":{"allow":["GET"]}}],"collection":[{"href":"https:\/\/observatoriodacidadania.ufms.br\/en\/wp-json\/wp\/v2\/pages"}],"about":[{"href":"https:\/\/observatoriodacidadania.ufms.br\/en\/wp-json\/wp\/v2\/types\/page"}],"author":[{"embeddable":true,"href":"https:\/\/observatoriodacidadania.ufms.br\/en\/wp-json\/wp\/v2\/users\/1443"}],"replies":[{"embeddable":true,"href":"https:\/\/observatoriodacidadania.ufms.br\/en\/wp-json\/wp\/v2\/comments?post=872"}],"version-history":[{"count":17,"href":"https:\/\/observatoriodacidadania.ufms.br\/en\/wp-json\/wp\/v2\/pages\/872\/revisions"}],"predecessor-version":[{"id":2512,"href":"https:\/\/observatoriodacidadania.ufms.br\/en\/wp-json\/wp\/v2\/pages\/872\/revisions\/2512"}],"wp:attachment":[{"href":"https:\/\/observatoriodacidadania.ufms.br\/en\/wp-json\/wp\/v2\/media?parent=872"}],"wp:term":[{"taxonomy":"author","embeddable":true,"href":"https:\/\/observatoriodacidadania.ufms.br\/en\/wp-json\/wp\/v2\/coauthors?post=872"}],"curies":[{"name":"wp","href":"https:\/\/api.w.org\/{rel}","templated":true}]}}