{"id":833,"date":"2025-01-21T21:01:33","date_gmt":"2025-01-22T01:01:33","guid":{"rendered":"https:\/\/observatoriodacidadania.ufms.br\/?page_id=833"},"modified":"2025-11-12T12:49:24","modified_gmt":"2025-11-12T16:49:24","slug":"notas-da-rede-de-atendimento-a-mulher","status":"publish","type":"page","link":"https:\/\/observatoriodacidadania.ufms.br\/en\/notas-da-rede-de-atendimento-a-mulher\/","title":{"rendered":"NOTAS T\u00c9CNICAS &#8211; REDE DE ATENDIMENTO \u00c0 MULHER"},"content":{"rendered":"<p style=\"text-align: justify;\"><span style=\"font-family: helvetica, arial, sans-serif;\">Este painel apresenta a Rede de Atendimento \u00e0 Mulher no estado de Mato Grosso do Sul, destacando os servi\u00e7os disponibilizados para acolher, proteger e empoderar mulheres em situa\u00e7\u00f5es de vulnerabilidade. A rede abrange iniciativas integradas nas \u00e1reas de sa\u00fade, seguran\u00e7a p\u00fablica, assist\u00eancia social, educa\u00e7\u00e3o e justi\u00e7a.<\/span><\/p>\n<p>&nbsp;<\/p>\n<p style=\"text-align: justify;\"><span style=\"font-family: helvetica, arial, sans-serif;\"><strong>Casas de Abrigo e Casa de Acolhimento Provis\u00f3rio (Casas-de-Passagem)<\/strong><\/span><\/p>\n<p style=\"text-align: justify;\"><span style=\"font-family: helvetica, arial, sans-serif;\">As Casas de Abrigo e as Casas de Acolhimento Provis\u00f3rio (Casas de Passagem) oferecem diversos tipos de apoio para atender \u00e0s necessidades de indiv\u00edduos em situa\u00e7\u00e3o de vulnerabilidade. Os principais apoios oferecidos incluem:<\/span><\/p>\n<ul style=\"text-align: justify;\">\n<li><span style=\"font-family: helvetica, arial, sans-serif;\"><strong>Acolhimento Provis\u00f3rio:<\/strong> Oferecem estadia tempor\u00e1ria para pessoas em situa\u00e7\u00e3o de rua, desabrigo por abandono, migra\u00e7\u00e3o ou aus\u00eancia de resid\u00eancia.<\/span><\/li>\n<li><span style=\"font-family: helvetica, arial, sans-serif;\"><strong>Apoio Psicossocial:<\/strong> Disponibilizam suporte emocional e psicol\u00f3gico, auxiliando os acolhidos a enfrentarem traumas e a reconstru\u00edrem sua autoestima.<\/span><\/li>\n<li><span style=\"font-family: helvetica, arial, sans-serif;\"><strong>Orienta\u00e7\u00e3o e Encaminhamento:<\/strong> Fornecem informa\u00e7\u00f5es e direcionamentos para acesso a servi\u00e7os p\u00fablicos, como regulariza\u00e7\u00e3o de documenta\u00e7\u00e3o, inser\u00e7\u00e3o no mercado de trabalho e acesso a programas sociais.<\/span><\/li>\n<li><span style=\"font-family: helvetica, arial, sans-serif;\"><strong>Promo\u00e7\u00e3o da Conviv\u00eancia Familiar e Comunit\u00e1ria:<\/strong> Trabalham para fortalecer os v\u00ednculos familiares e comunit\u00e1rios, visando \u00e0 reinser\u00e7\u00e3o social dos acolhidos.<\/span><\/li>\n<li><span style=\"font-family: helvetica, arial, sans-serif;\"><strong>Atividades Educativas e de Capacita\u00e7\u00e3o: <\/strong>Oferecem oficinas e cursos que visam ao desenvolvimento de habilidades e compet\u00eancias para a autonomia dos indiv\u00edduos.<\/span><\/li>\n<\/ul>\n<p style=\"text-align: justify;\"><span style=\"font-family: helvetica, arial, sans-serif;\"><strong>\u00a0<\/strong><\/span><\/p>\n<p style=\"text-align: justify;\"><span style=\"font-family: helvetica, arial, sans-serif;\"><strong>Casas da Mulher Brasileira<\/strong><\/span><\/p>\n<p style=\"text-align: justify;\"><span style=\"font-family: helvetica, arial, sans-serif;\">A Casa da Mulher Brasileira \u00e9 uma iniciativa que oferece, em um \u00fanico espa\u00e7o, diversos servi\u00e7os especializados para mulheres em situa\u00e7\u00e3o de viol\u00eancia. Os principais apoios incluem:<\/span><\/p>\n<ul style=\"text-align: justify;\">\n<li><span style=\"font-family: helvetica, arial, sans-serif;\"><strong>Acolhimento e Triagem:<\/strong> Recep\u00e7\u00e3o inicial para identificar as necessidades da mulher e direcion\u00e1-la aos servi\u00e7os adequados.<\/span><\/li>\n<li><span style=\"font-family: helvetica, arial, sans-serif;\"><strong>Apoio Psicossocial:<\/strong> Atendimento por assistentes sociais e psic\u00f3logas para oferecer suporte emocional e orienta\u00e7\u00e3o.<\/span><\/li>\n<li><span style=\"font-family: helvetica, arial, sans-serif;\"><strong>Delegacia Especializada:<\/strong> Unidade policial para registro de ocorr\u00eancias e medidas protetivas relacionadas \u00e0 viol\u00eancia contra a mulher.<\/span><\/li>\n<li><span style=\"font-family: helvetica, arial, sans-serif;\"><strong>Juizado de Viol\u00eancia Dom\u00e9stica e Familiar:<\/strong> \u00d3rg\u00e3o judicial respons\u00e1vel por processar e julgar casos de viol\u00eancia dom\u00e9stica.<\/span><\/li>\n<li><span style=\"font-family: helvetica, arial, sans-serif;\"><strong>Minist\u00e9rio P\u00fablico: <\/strong>Atua na promo\u00e7\u00e3o da a\u00e7\u00e3o penal nos crimes de viol\u00eancia contra as mulheres e na fiscaliza\u00e7\u00e3o dos servi\u00e7os da rede de atendimento.<\/span><\/li>\n<li><span style=\"font-family: helvetica, arial, sans-serif;\"><strong>Orienta\u00e7\u00e3o Jur\u00eddica:<\/strong> Oferece assist\u00eancia jur\u00eddica gratuita, orientando as mulheres sobre seus direitos e acompanhando processos judiciais.<\/span><\/li>\n<li><span style=\"font-family: helvetica, arial, sans-serif;\"><strong>Promo\u00e7\u00e3o da Autonomia Econ\u00f4mica:<\/strong> Programas de capacita\u00e7\u00e3o profissional, educa\u00e7\u00e3o financeira e inser\u00e7\u00e3o no mercado de trabalho para promover a independ\u00eancia econ\u00f4mica das mulheres.<\/span><\/li>\n<li><span style=\"font-family: helvetica, arial, sans-serif;\"><strong>Brinquedoteca:<\/strong> Espa\u00e7o destinado ao acolhimento de crian\u00e7as de 0 a 12 anos enquanto as m\u00e3es recebem atendimento.<\/span><\/li>\n<li><span style=\"font-family: helvetica, arial, sans-serif;\"><strong>Alojamento de Passagem: <\/strong>Abrigo tempor\u00e1rio de at\u00e9 24 horas para mulheres em situa\u00e7\u00e3o de viol\u00eancia que correm risco iminente.<\/span><\/li>\n<li><span style=\"font-family: helvetica, arial, sans-serif;\"><strong>Central de Transportes:<\/strong> Facilita o deslocamento das mulheres atendidas para outros servi\u00e7os da rede de atendimento, como sa\u00fade e assist\u00eancia social.<\/span><\/li>\n<\/ul>\n<p>&nbsp;<\/p>\n<p style=\"text-align: justify;\"><span style=\"font-family: helvetica, arial, sans-serif;\"><strong>Centros de Refer\u00eancia (ou de Atendimento) \u00e0 Mulher em situa\u00e7\u00e3o de viol\u00eancia \/ N\u00facleos de Atendimento \u00e0 Mulher em situa\u00e7\u00e3o de Viol\u00eancia, Centros Integrados da Mulher)<\/strong><\/span><\/p>\n<p style=\"text-align: justify;\"><span style=\"font-family: helvetica, arial, sans-serif;\">Tamb\u00e9m conhecidos como N\u00facleos de Atendimento ou Centros Integrados da Mulher, oferecem diversos tipos de apoio \u00e0s mulheres v\u00edtimas de viol\u00eancia, incluindo:<\/span><\/p>\n<ul style=\"text-align: justify;\">\n<li><span style=\"font-family: helvetica, arial, sans-serif;\"><strong>Acolhimento e Atendimento Humanizado: <\/strong>Espa\u00e7os destinados a prestar acolhimento e atendimento humanizado \u00e0s mulheres em situa\u00e7\u00e3o de viol\u00eancia.<\/span><\/li>\n<li><span style=\"font-family: helvetica, arial, sans-serif;\"><strong>Apoio Psicol\u00f3gico:<\/strong> Acompanhamento psicol\u00f3gico, visando o fortalecimento emocional e \u00e0 supera\u00e7\u00e3o dos traumas decorrentes da viol\u00eancia.<\/span><\/li>\n<li><span style=\"font-family: helvetica, arial, sans-serif;\"><strong>Atendimento Social:<\/strong> Apoio social para auxiliar na reconstru\u00e7\u00e3o da autonomia e no acesso a direitos, incluindo orienta\u00e7\u00e3o sobre servi\u00e7os dispon\u00edveis e benef\u00edcios sociais.<\/span><\/li>\n<li><span style=\"font-family: helvetica, arial, sans-serif;\"><strong>Orienta\u00e7\u00e3o Jur\u00eddica: <\/strong>Informa\u00e7\u00f5es sobre direitos legais e assist\u00eancia no encaminhamento para servi\u00e7os jur\u00eddicos, quando necess\u00e1rio, auxiliando na tomada de decis\u00f5es legais.<\/span><\/li>\n<li><span style=\"font-family: helvetica, arial, sans-serif;\"><strong>Articula\u00e7\u00e3o com a Rede de Atendimento: <\/strong>Atua\u00e7\u00e3o como articuladores das institui\u00e7\u00f5es e servi\u00e7os governamentais e n\u00e3o governamentais que integram a rede de atendimento \u00e0s mulheres.<\/span><\/li>\n<\/ul>\n<p style=\"text-align: justify;\"><span style=\"font-family: helvetica, arial, sans-serif;\"><strong>\u00a0<\/strong><\/span><\/p>\n<p style=\"text-align: justify;\"><span style=\"font-family: helvetica, arial, sans-serif;\"><strong>Delegacias Especializadas de Atendimento \u00e0 Mulher e Postos ou Se\u00e7\u00f5es da Pol\u00edcia de Atendimento \u00e0 Mulher<\/strong><\/span><\/p>\n<p style=\"text-align: justify;\"><span style=\"font-family: helvetica, arial, sans-serif;\">As DEAMs e os Postos ou Se\u00e7\u00f5es da Pol\u00edcia de Atendimento \u00e0 Mulher oferecem diversos tipos de apoio \u00e0s mulheres em situa\u00e7\u00e3o de viol\u00eancia. Os principais servi\u00e7os oferecidos incluem:<\/span><\/p>\n<ul style=\"text-align: justify;\">\n<li><span style=\"font-family: helvetica, arial, sans-serif;\"><strong>Registro de Ocorr\u00eancias:<\/strong> registram boletins de ocorr\u00eancia relacionados a crimes de viol\u00eancia contra a mulher, garantindo que as den\u00fancias sejam formalizadas e investigadas.<\/span><\/li>\n<li><span style=\"font-family: helvetica, arial, sans-serif;\"><strong>Investiga\u00e7\u00e3o e Apura\u00e7\u00e3o de Crimes: <\/strong>investigam e apuram crimes cometidos contra as mulheres, assegurando que os respons\u00e1veis sejam identificados e responsabilizados.<\/span><\/li>\n<li><span style=\"font-family: helvetica, arial, sans-serif;\"><strong>Solicita\u00e7\u00e3o de Medidas Protetivas: <\/strong>podem solicitar medidas protetivas de urg\u00eancia previstas na Lei Maria da Penha, visando \u00e0 prote\u00e7\u00e3o imediata da mulher em situa\u00e7\u00e3o de viol\u00eancia.<\/span><\/li>\n<li><span style=\"font-family: helvetica, arial, sans-serif;\"><strong>Encaminhamento a Servi\u00e7os de Apoio: <\/strong>orientam e encaminham as v\u00edtimas a servi\u00e7os de assist\u00eancia social, psicol\u00f3gica e jur\u00eddica.<\/span><\/li>\n<\/ul>\n<p>&nbsp;<\/p>\n<p style=\"text-align: justify;\"><span style=\"font-family: helvetica, arial, sans-serif;\"><strong>Juizados e Varas Especializadas de Viol\u00eancia Dom\u00e9stica e Familiar contra a Mulher<\/strong><\/span><\/p>\n<p style=\"text-align: justify;\"><span style=\"font-family: helvetica, arial, sans-serif;\">Os Juizados e Varas Especializadas de Viol\u00eancia Dom\u00e9stica e Familiar contra a Mulher no Brasil oferecem diversos tipos de apoio \u00e0s v\u00edtimas, conforme estabelecido pela Lei Maria da Penha (Lei n\u00ba 11.340\/2006). Entre os principais servi\u00e7os prestados est\u00e3o:<\/span><\/p>\n<ul style=\"text-align: justify;\">\n<li><span style=\"font-family: helvetica, arial, sans-serif;\"><strong>Medidas Protetivas de Urg\u00eancia:<\/strong> Aplica\u00e7\u00e3o de a\u00e7\u00f5es imediatas para garantir a seguran\u00e7a da v\u00edtima, como o afastamento do agressor do lar, proibi\u00e7\u00e3o de contato e restri\u00e7\u00e3o de aproxima\u00e7\u00e3o.<\/span><\/li>\n<li><span style=\"font-family: helvetica, arial, sans-serif;\"><strong>Apoio Psicossocial:<\/strong> Disponibiliza\u00e7\u00e3o de suporte psicol\u00f3gico e social para auxiliar na recupera\u00e7\u00e3o emocional e no fortalecimento da autoestima da mulher.<\/span><\/li>\n<li><span style=\"font-family: helvetica, arial, sans-serif;\"><strong>Orienta\u00e7\u00e3o Jur\u00eddica:<\/strong> Fornecimento de informa\u00e7\u00f5es sobre direitos, procedimentos legais e acompanhamento processual para assegurar o acesso \u00e0 justi\u00e7a.<\/span><\/li>\n<li><span style=\"font-family: helvetica, arial, sans-serif;\"><strong>Encaminhamento a Servi\u00e7os de Apoio: <\/strong>Direcionamento para servi\u00e7os de assist\u00eancia social, sa\u00fade, abrigamento e outros recursos necess\u00e1rios para a prote\u00e7\u00e3o e recupera\u00e7\u00e3o da v\u00edtima.<\/span><\/li>\n<\/ul>\n<p style=\"text-align: justify;\"><span style=\"font-family: helvetica, arial, sans-serif;\">Para mais detalhes sobre a estrutura e funcionamento desses juizados, o Conselho Nacional de Justi\u00e7a (CNJ) disponibiliza o \u201c<a href=\"https:\/\/www.cnj.jus.br\/wp-content\/uploads\/2011\/02\/b3f18ac2f32a661bd02ca82c1afbe3bb.pdf?utm_source=chatgpt.com\">Manual de Rotinas e Estrutura\u00e7\u00e3o dos Juizados de Viol\u00eancia Dom\u00e9stica e Familiar contra a Mulher<\/a>\u201c.<\/span><\/p>\n<p>&nbsp;<\/p>\n<p style=\"text-align: justify;\"><span style=\"font-family: helvetica, arial, sans-serif;\"><strong>N\u00facleos de Defesa da Mulher na Defensorias P\u00fablicas<\/strong><\/span><\/p>\n<p style=\"text-align: justify;\"><span style=\"font-family: helvetica, arial, sans-serif;\">Os N\u00facleos de Defesa da Mulher das Defensorias P\u00fablicas, conhecidos como NUDEMs, oferecem diversos tipos de apoio \u00e0s mulheres em situa\u00e7\u00e3o de viol\u00eancia ou vulnerabilidade. De acordo com informa\u00e7\u00f5es de Defensorias P\u00fablicas estaduais, os servi\u00e7os oferecidos incluem:<\/span><\/p>\n<ul style=\"text-align: justify;\">\n<li><span style=\"font-family: helvetica, arial, sans-serif;\"><strong>Atendimento Jur\u00eddico: <\/strong>Assist\u00eancia em quest\u00f5es legais, como medidas protetivas, a\u00e7\u00f5es de fam\u00edlia e defesa dos direitos das mulheres.<\/span><\/li>\n<li><span style=\"font-family: helvetica, arial, sans-serif;\"><strong>Apoio Psicossocial: <\/strong>Suporte emocional e psicol\u00f3gico para auxiliar as mulheres a enfrentarem situa\u00e7\u00f5es de viol\u00eancia e promover sua autonomia.<\/span><\/li>\n<li><span style=\"font-family: helvetica, arial, sans-serif;\"><strong>Orienta\u00e7\u00e3o Jur\u00eddica: <\/strong>Informa\u00e7\u00f5es sobre os direitos das mulheres, incluindo direitos sexuais e reprodutivos, e como acess\u00e1-los.<\/span><\/li>\n<li><span style=\"font-family: helvetica, arial, sans-serif;\"><strong>Atua\u00e7\u00e3o em Pol\u00edticas P\u00fablicas:<\/strong> Participa\u00e7\u00e3o na formula\u00e7\u00e3o e implementa\u00e7\u00e3o de pol\u00edticas que promovam a igualdade de g\u00eanero e combatam a discrimina\u00e7\u00e3o.<\/span><\/li>\n<li><span style=\"font-family: helvetica, arial, sans-serif;\"><strong>Educa\u00e7\u00e3o em Direitos:<\/strong> Promo\u00e7\u00e3o de palestras e atividades educativas para conscientizar sobre os direitos das mulheres e prevenir a viol\u00eancia de g\u00eanero.<\/span><\/li>\n<\/ul>\n<p>&nbsp;<\/p>\n<p style=\"text-align: justify;\"><span style=\"font-family: helvetica, arial, sans-serif;\"><strong>Patrulha da Maria da Penha<\/strong><\/span><\/p>\n<p style=\"text-align: justify;\"><span style=\"font-family: helvetica, arial, sans-serif;\">A Patrulha Maria da Penha \u00e9 um servi\u00e7o que visa proteger mulheres v\u00edtimas de viol\u00eancia dom\u00e9stica e familiar, garantindo o cumprimento das medidas protetivas de urg\u00eancia estabelecidas pela Justi\u00e7a. Este servi\u00e7o \u00e9 realizado por unidades especializadas das Pol\u00edcias Militares, em conformidade com a Lei Maria da Penha (Lei n\u00ba 11.340\/2006). As atividades da Patrulha incluem:<\/span><\/p>\n<ul style=\"text-align: justify;\">\n<li><span style=\"font-family: helvetica, arial, sans-serif;\"><strong>Visitas Domiciliares: <\/strong>Realiza\u00e7\u00e3o de visitas peri\u00f3dicas \u00e0s resid\u00eancias das v\u00edtimas para verificar o cumprimento das medidas protetivas e oferecer suporte necess\u00e1rio.<\/span><\/li>\n<li><span style=\"font-family: helvetica, arial, sans-serif;\"><strong>Monitoramento das Medidas Protetivas: <\/strong>Acompanhamento cont\u00ednuo para assegurar que os agressores estejam cumprindo as determina\u00e7\u00f5es judiciais impostas.<\/span><\/li>\n<li><span style=\"font-family: helvetica, arial, sans-serif;\"><strong>Orienta\u00e7\u00e3o \u00e0s V\u00edtimas:<\/strong> Fornecimento de informa\u00e7\u00f5es sobre seus direitos, servi\u00e7os de assist\u00eancia social e psicol\u00f3gica, al\u00e9m de orienta\u00e7\u00f5es sobre os canais de den\u00fancia.<\/span><\/li>\n<li><span style=\"font-family: helvetica, arial, sans-serif;\"><strong>Encaminhamentos para Servi\u00e7os de Apoio:<\/strong> Direcionamento das v\u00edtimas a servi\u00e7os especializados, como assist\u00eancia social, psicol\u00f3gica e jur\u00eddica.<\/span><\/li>\n<li><span style=\"font-family: helvetica, arial, sans-serif;\"><strong>Patrulhamento Preventivo:<\/strong> Realiza\u00e7\u00e3o de rondas nos locais frequentados pelas v\u00edtimas para prevenir poss\u00edveis atos de viol\u00eancia e garantir sua seguran\u00e7a.<\/span><\/li>\n<\/ul>\n<p>&nbsp;<\/p>\n<p style=\"text-align: justify;\"><span style=\"font-family: helvetica, arial, sans-serif;\"><strong>Promotorias Especializadas e N\u00facleos de G\u00eanero nos Minist\u00e9rios P\u00fablicos<\/strong><\/span><\/p>\n<p style=\"text-align: justify;\"><span style=\"font-family: helvetica, arial, sans-serif;\">Desempenham um papel fundamental no enfrentamento \u00e0 viol\u00eancia de g\u00eanero e na promo\u00e7\u00e3o da igualdade. Eles oferecem diversos tipos de apoio, incluindo:<\/span><\/p>\n<ul style=\"text-align: justify;\">\n<li><span style=\"font-family: helvetica, arial, sans-serif;\"><strong>Fiscaliza\u00e7\u00e3o da Aplica\u00e7\u00e3o das Leis: <\/strong>Monitoram a implementa\u00e7\u00e3o de legisla\u00e7\u00f5es voltadas ao combate \u00e0s desigualdades de g\u00eanero e \u00e0 viol\u00eancia contra as mulheres.<\/span><\/li>\n<li><span style=\"font-family: helvetica, arial, sans-serif;\"><strong>Acompanhamento de Pol\u00edticas P\u00fablicas: <\/strong>Supervisionam a execu\u00e7\u00e3o de pol\u00edticas destinadas \u00e0 promo\u00e7\u00e3o da igualdade de g\u00eanero, garantindo que as a\u00e7\u00f5es governamentais sejam eficazes e atendam \u00e0s necessidades da popula\u00e7\u00e3o.<\/span><\/li>\n<li><span style=\"font-family: helvetica, arial, sans-serif;\"><strong>Fiscaliza\u00e7\u00e3o de Servi\u00e7os de Atendimento:<\/strong> Verificam a qualidade e a adequa\u00e7\u00e3o dos servi\u00e7os p\u00fablicos e privados que atendem mulheres em situa\u00e7\u00e3o de viol\u00eancia dom\u00e9stica e familiar, adotando medidas administrativas ou judiciais em caso de irregularidades.<\/span><\/li>\n<li><span style=\"font-family: helvetica, arial, sans-serif;\"><strong>Promo\u00e7\u00e3o de Campanhas Educativas: <\/strong>Apoiam e divulgam campanhas p\u00fablicas que visam \u00e0 n\u00e3o discrimina\u00e7\u00e3o, \u00e0 igualdade de g\u00eanero e ao enfrentamento da viol\u00eancia, sensibilizando a sociedade sobre essas quest\u00f5es.<\/span><\/li>\n<li><span style=\"font-family: helvetica, arial, sans-serif;\"><strong>Elabora\u00e7\u00e3o de Estudos e Propostas Legislativas:<\/strong> Desenvolvem pesquisas para subsidiar propostas de altera\u00e7\u00f5es legislativas relacionadas \u00e0 igualdade de g\u00eanero e ao combate \u00e0 viol\u00eancia, contribuindo para o aprimoramento das leis existentes.<\/span><\/li>\n<li><span style=\"font-family: helvetica, arial, sans-serif;\"><strong>Organiza\u00e7\u00e3o de Eventos de Conscientiza\u00e7\u00e3o:<\/strong> Promovem eventos destinados a sensibilizar e conscientizar o p\u00fablico sobre a import\u00e2ncia do enfrentamento \u00e0 viol\u00eancia de g\u00eanero, tanto no \u00e2mbito p\u00fablico quanto privado.<\/span><\/li>\n<\/ul>\n<p>&nbsp;<\/p>\n<p style=\"text-align: justify;\"><span style=\"font-family: helvetica, arial, sans-serif;\"><strong>Servi\u00e7os de Sa\u00fade a Pessoas em situa\u00e7\u00e3o de viol\u00eancia sexual<\/strong><\/span><\/p>\n<p style=\"text-align: justify;\"><span style=\"font-family: helvetica, arial, sans-serif;\">Nos servi\u00e7os de sa\u00fade destinados a pessoas em situa\u00e7\u00e3o de viol\u00eancia sexual, s\u00e3o oferecidos diversos tipos de apoio para atender \u00e0s necessidades f\u00edsicas, emocionais e legais das v\u00edtimas.<\/span><\/p>\n<ul style=\"text-align: justify;\">\n<li><span style=\"font-family: helvetica, arial, sans-serif;\"><strong>Atendimento M\u00e9dico Imediato:<\/strong> Avalia\u00e7\u00e3o e tratamento de les\u00f5es f\u00edsicas, al\u00e9m de medidas preventivas contra infec\u00e7\u00f5es sexualmente transmiss\u00edveis (ISTs) e gravidez indesejada.<\/span><\/li>\n<li><span style=\"font-family: helvetica, arial, sans-serif;\"><strong>Apoio Psicossocial:<\/strong> Suporte emocional e psicol\u00f3gico para auxiliar na recupera\u00e7\u00e3o e enfrentamento do trauma.<\/span><\/li>\n<li><span style=\"font-family: helvetica, arial, sans-serif;\"><strong>Notifica\u00e7\u00e3o e Registro: <\/strong>Orienta\u00e7\u00e3o sobre a import\u00e2ncia do registro oficial da viol\u00eancia sofrida e assist\u00eancia no processo de notifica\u00e7\u00e3o \u00e0s autoridades competentes.<\/span><\/li>\n<li><span style=\"font-family: helvetica, arial, sans-serif;\"><strong>Coleta de Vest\u00edgios:<\/strong> Procedimentos para a coleta de evid\u00eancias que possam ser utilizadas em investiga\u00e7\u00f5es legais, realizados com o consentimento informado da v\u00edtima.<\/span><\/li>\n<li><span style=\"font-family: helvetica, arial, sans-serif;\"><strong>Orienta\u00e7\u00e3o Jur\u00eddica:<\/strong> Informa\u00e7\u00f5es sobre os direitos legais da v\u00edtima e encaminhamentos para servi\u00e7os de assist\u00eancia jur\u00eddica, quando necess\u00e1rio.<\/span><\/li>\n<\/ul>\n<p>&nbsp;<\/p>\n","protected":false},"excerpt":{"rendered":"<p>Este painel apresenta a Rede de Atendimento \u00e0 Mulher no estado de Mato Grosso do Sul, destacando os servi\u00e7os disponibilizados para acolher, proteger e empoderar mulheres em situa\u00e7\u00f5es de vulnerabilidade. A rede abrange iniciativas integradas nas \u00e1reas de sa\u00fade, seguran\u00e7a p\u00fablica, assist\u00eancia social, educa\u00e7\u00e3o e justi\u00e7a. &nbsp; Casas de Abrigo e Casa de Acolhimento Provis\u00f3rio [&hellip;]<\/p>\n","protected":false},"author":1443,"featured_media":0,"parent":0,"menu_order":0,"comment_status":"closed","ping_status":"closed","template":"","meta":{"footnotes":""},"coauthors":[18],"class_list":["post-833","page","type-page","status-publish","hentry"],"_links":{"self":[{"href":"https:\/\/observatoriodacidadania.ufms.br\/en\/wp-json\/wp\/v2\/pages\/833","targetHints":{"allow":["GET"]}}],"collection":[{"href":"https:\/\/observatoriodacidadania.ufms.br\/en\/wp-json\/wp\/v2\/pages"}],"about":[{"href":"https:\/\/observatoriodacidadania.ufms.br\/en\/wp-json\/wp\/v2\/types\/page"}],"author":[{"embeddable":true,"href":"https:\/\/observatoriodacidadania.ufms.br\/en\/wp-json\/wp\/v2\/users\/1443"}],"replies":[{"embeddable":true,"href":"https:\/\/observatoriodacidadania.ufms.br\/en\/wp-json\/wp\/v2\/comments?post=833"}],"version-history":[{"count":14,"href":"https:\/\/observatoriodacidadania.ufms.br\/en\/wp-json\/wp\/v2\/pages\/833\/revisions"}],"predecessor-version":[{"id":2104,"href":"https:\/\/observatoriodacidadania.ufms.br\/en\/wp-json\/wp\/v2\/pages\/833\/revisions\/2104"}],"wp:attachment":[{"href":"https:\/\/observatoriodacidadania.ufms.br\/en\/wp-json\/wp\/v2\/media?parent=833"}],"wp:term":[{"taxonomy":"author","embeddable":true,"href":"https:\/\/observatoriodacidadania.ufms.br\/en\/wp-json\/wp\/v2\/coauthors?post=833"}],"curies":[{"name":"wp","href":"https:\/\/api.w.org\/{rel}","templated":true}]}}