{"id":46,"date":"2026-01-23T18:04:22","date_gmt":"2026-01-23T22:04:22","guid":{"rendered":"https:\/\/observatoriodacidadania.ufms.br\/?page_id=46"},"modified":"2026-04-28T21:56:22","modified_gmt":"2026-04-29T01:56:22","slug":"quem-somos","status":"publish","type":"page","link":"https:\/\/observatoriodacidadania.ufms.br\/en\/quem-somos\/","title":{"rendered":"Quem Somos"},"content":{"rendered":"<img decoding=\"async\" src=\"https:\/\/observatoriodacidadania.ufms.br\/files\/2025\/01\/capa_site_Prancheta-1-copia-2_Prancheta-1-copia-2-1024x379.png\"\/><\/p>\n<p class=\"text-justify\">O Observat\u00f3rio da Cidadania \u00e9 um espa\u00e7o criado para aproximar informa\u00e7\u00e3o de qualidade das pessoas e apoiar a constru\u00e7\u00e3o de pol\u00edticas p\u00fablicas efetivas. Acreditamos que, com dados certos e conhecimento acess\u00edvel, todo mundo pode entender melhor sua realidade, lutar pelos seus direitos e reconhecer seus deveres.<\/p>\n<p class=\"text-justify\">Somos uma equipe multidisciplinar de pesquisadores, todos trabalhando juntos para analisar dados, produzir estudos e criar ferramentas que ajudam a melhorar a vida nas cidades de Mato Grosso do Sul.<\/p>\n<p class=\"text-justify\">Nosso time re\u00fane uma ampla experi\u00eancia em pesquisa cient\u00edfica, inova\u00e7\u00e3o, empreendedorismo, pr\u00e1ticas sustent\u00e1veis e tecnologias em diversas \u00e1reas do conhecimento. Trabalhamos com forte compromisso social, sempre valorizando a comunica\u00e7\u00e3o clara e aberta com a popula\u00e7\u00e3o.<\/p>\n<p class=\"text-justify\">Acreditamos que informa\u00e7\u00e3o gera transforma\u00e7\u00e3o \u2014 e estamos aqui para fortalecer a cidadania ativa e promover o bem-estar de todos os sul-mato-grossenses.<\/p>\n<p class=\"text-justify\">Junte-se a n\u00f3s nessa caminhada por mais cidadania, conhecimento e transforma\u00e7\u00e3o social!<\/p>\n<p>&nbsp;<\/p>\n<style>\n  .nome {<br \/>\n    background-color: #d9edf7;<br \/>\n    color: #31708f;<br \/>\n    padding: 6px;<br \/>\n    text-align: center;<br \/>\n    font-weight: bold;<br \/>\n    border-top: 1px solid #bce8f1;<br \/>\n  }<br \/>\n  .lattes-link {<br \/>\n    display: block;<br \/>\n    text-align: center;<br \/>\n    margin-top: 5px;<br \/>\n    font-size: 0.9em;<br \/>\n  }<br \/>\n<\/style>\n<h3 class=\"text-blue\">Coordenador<\/h3>\n<div class=\"row\">\n<div class=\"col-xs-6 col-lg-3\">\n<div class=\"thumbnail\">\n<p><img decoding=\"async\" class=\"img-responsive img-rounded\" src=\"\/files\/2025\/09\/samuel.jpg\" alt=\"Samuel Leite de Oliveira\" \/><\/p>\n<div class=\"nome\">Samuel Leite de Oliveira<\/div>\n<p><a class=\"lattes-link\" href=\"https:\/\/lattes.cnpq.br\/9804496328103850\" target=\"_blank\" rel=\"noopener\">Curr\u00edculo Lattes<\/a><\/p>\n<\/div>\n<\/div>\n<\/div>\n<h3 class=\"text-blue\">Pesquisadores<\/h3>\n<div class=\"row\">\n<div class=\"col-xs-6 col-lg-3\">\n<div class=\"thumbnail\">\n<p><img decoding=\"async\" class=\"img-responsive img-rounded\" src=\"\/files\/2025\/09\/adriano.jpg\" alt=\"Adriano C\u00edcero da Silva Dias\" \/><\/p>\n<div class=\"nome\">Adriano C\u00edcero da Silva Dias<\/div>\n<p><a class=\"lattes-link\" href=\"https:\/\/lattes.cnpq.br\/6178992452524956\" target=\"_blank\" rel=\"noopener\">Curr\u00edculo Lattes<\/a><\/p>\n<\/div>\n<\/div>\n<div class=\"col-xs-6 col-lg-3\">\n<div class=\"thumbnail\">\n<p><img decoding=\"async\" class=\"img-responsive img-rounded\" src=\"\/files\/2025\/09\/anacarla.jpg\" alt=\"Anacarla Previato\" \/><\/p>\n<div class=\"nome\">Anacarla Previato<\/div>\n<p><a class=\"lattes-link\" href=\"https:\/\/lattes.cnpq.br\/0176168161138436\" target=\"_blank\" rel=\"noopener\">Curr\u00edculo Lattes<\/a><\/p>\n<\/div>\n<\/div>\n<div class=\"col-xs-6 col-lg-3\">\n<div class=\"thumbnail\">\n<p><img decoding=\"async\" class=\"img-responsive img-rounded\" src=\"\/files\/2025\/09\/anderson.jpg\" alt=\"Anderson Rodrigues Lima Caires\" \/><\/p>\n<div class=\"nome\">Anderson Rodrigues Lima Caires<\/div>\n<p><a class=\"lattes-link\" href=\"https:\/\/lattes.cnpq.br\/4615245702160544\" target=\"_blank\" rel=\"noopener\">Curr\u00edculo Lattes<\/a><\/p>\n<\/div>\n<\/div>\n<div class=\"col-xs-6 col-lg-3\">\n<div class=\"thumbnail\">\n<p><img decoding=\"async\" class=\"img-responsive img-rounded\" src=\"\/files\/2025\/09\/claiane.jpg\" alt=\"Claiane Lamperth\" \/><\/p>\n<div class=\"nome\">Claiane Lamperth<\/div>\n<p><a class=\"lattes-link\" href=\"https:\/\/lattes.cnpq.br\/1499724753250914\" target=\"_blank\" rel=\"noopener\">Curr\u00edculo Lattes<\/a><\/p>\n<\/div>\n<\/div>\n<\/div>\n<div class=\"row\">\n<div class=\"col-xs-6 col-lg-3\">\n<div class=\"thumbnail\">\n<p><img decoding=\"async\" class=\"img-responsive img-rounded\" src=\"\/files\/2025\/09\/fabricio.jpg\" alt=\"Fabricio Paiva Dorisbor\" \/><\/p>\n<div class=\"nome\">Fabricio Paiva Dorisbor<\/div>\n<p><a class=\"lattes-link\" href=\"https:\/\/lattes.cnpq.br\/6978114430231508\" target=\"_blank\" rel=\"noopener\">Curr\u00edculo Lattes<\/a><\/p>\n<\/div>\n<\/div>\n<div class=\"col-xs-6 col-lg-3\">\n<div class=\"thumbnail\">\n<p><img decoding=\"async\" class=\"img-responsive img-rounded\" src=\"\/files\/2025\/09\/pesquisador.jpg\" alt=\"Pesquisador\" \/><\/p>\n<div class=\"nome\">Fernando Rodrigues da Concei\u00e7\u00e3o<\/div>\n<p><a class=\"lattes-link\" href=\"https:\/\/lattes.cnpq.br\/9312580970790774\" target=\"_blank\" rel=\"noopener\">Curr\u00edculo Lattes<\/a><\/p>\n<\/div>\n<\/div>\n<div class=\"col-xs-6 col-lg-3\">\n<div class=\"thumbnail\">\n<p><img decoding=\"async\" class=\"img-responsive img-rounded\" src=\"\/files\/2025\/09\/gislaine.jpg\" alt=\"Gislaine Aparecida de Oliveira Nadai\" \/><\/p>\n<div class=\"nome\">Gislaine Aparecida de Oliveira Nadai<\/div>\n<p><a class=\"lattes-link\" href=\"https:\/\/lattes.cnpq.br\/9463017789100751\" target=\"_blank\" rel=\"noopener\">Curr\u00edculo Lattes<\/a><\/p>\n<\/div>\n<\/div>\n<div class=\"col-xs-6 col-lg-3\">\n<div class=\"thumbnail\">\n<p><img decoding=\"async\" class=\"img-responsive img-rounded\" src=\"\/files\/2026\/02\/gizele.jpg\" alt=\"Gizele de Almeida Ribeiro\" \/><\/p>\n<div class=\"nome\">Gizele de Almeida Ribeiro<\/div>\n<p><a class=\"lattes-link\" href=\"https:\/\/lattes.cnpq.br\/5287715722207157\" target=\"_blank\" rel=\"noopener\">Curr\u00edculo Lattes<\/a><\/p>\n<\/div>\n<\/div>\n<\/div>\n<div class=\"row\">\n<div class=\"col-xs-6 col-lg-3\">\n<div class=\"thumbnail\">\n<p><img decoding=\"async\" class=\"img-responsive img-rounded\" src=\"\/files\/2026\/02\/guaraci.jpg\" alt=\"Guaraci Mendes da Silva\" \/><\/p>\n<div class=\"nome\">Guaraci Mendes da Silva<\/div>\n<p><a class=\"lattes-link\" href=\"https:\/\/lattes.cnpq.br\/1244292240891060\" target=\"_blank\" rel=\"noopener\">Curr\u00edculo Lattes<\/a><\/p>\n<\/div>\n<\/div>\n<div class=\"col-xs-6 col-lg-3\">\n<div class=\"thumbnail\">\n<p><img decoding=\"async\" class=\"img-responsive img-rounded\" src=\"\/files\/2026\/02\/hugo_v2.jpg\" alt=\"Hugo Orofino Lima\" \/><\/p>\n<div class=\"nome\">Hugo Orofino Lima<\/div>\n<p><a class=\"lattes-link\" href=\"https:\/\/lattes.cnpq.br\/7574823169274650\" target=\"_blank\" rel=\"noopener\">Curr\u00edculo Lattes<\/a><\/p>\n<\/div>\n<\/div>\n<div class=\"col-xs-6 col-lg-3\">\n<div class=\"thumbnail\">\n<p><img decoding=\"async\" class=\"img-responsive img-rounded\" src=\"\/files\/2026\/02\/igor.jpg\" alt=\"Igor Augusto Santana Ortiz\" \/><\/p>\n<div class=\"nome\">Igor Augusto Santana Ortiz<\/div>\n<p><a class=\"lattes-link\" href=\"https:\/\/lattes.cnpq.br\/3627359505826953\" target=\"_blank\" rel=\"noopener\">Curr\u00edculo Lattes<\/a><\/p>\n<\/div>\n<\/div>\n<div class=\"col-xs-6 col-lg-3\">\n<div class=\"thumbnail\">\n<p><img decoding=\"async\" class=\"img-responsive img-rounded\" src=\"\/files\/2026\/02\/0641578.jpg\" alt=\"Pesquisador\" \/><\/p>\n<div class=\"nome\">Ingrid Ferreira Curimbaba<\/div>\n<p><a class=\"lattes-link\" href=\"https:\/\/lattes.cnpq.br\/4314145164145063\" target=\"_blank\" rel=\"noopener\">Curr\u00edculo Lattes<\/a><\/p>\n<\/div>\n<\/div>\n<\/div>\n<div class=\"row\">\n<div class=\"col-xs-6 col-lg-3\">\n<div class=\"thumbnail\">\n<p><img decoding=\"async\" class=\"img-responsive img-rounded\" src=\"\/files\/2025\/09\/laureane.jpeg\" alt=\"Laureane de Queiroz Schimidt\" \/><\/p>\n<div class=\"nome\">Laureane de Queiroz Schimidt<\/div>\n<p><a class=\"lattes-link\" href=\"https:\/\/lattes.cnpq.br\/3301937561062932\" target=\"_blank\" rel=\"noopener\">Curr\u00edculo Lattes<\/a><\/p>\n<\/div>\n<\/div>\n<div class=\"col-xs-6 col-lg-3\">\n<div class=\"thumbnail\">\n<p><img decoding=\"async\" class=\"img-responsive img-rounded\" src=\"\/files\/2025\/09\/leandro.jpg\" alt=\"Leandro Oliveira Ara\u00fajo\" \/><\/p>\n<div class=\"nome\">Leandro Oliveira Ara\u00fajo<\/div>\n<p><a class=\"lattes-link\" href=\"https:\/\/lattes.cnpq.br\/5529649116812524\" target=\"_blank\" rel=\"noopener\">Curr\u00edculo Lattes<\/a><\/p>\n<\/div>\n<\/div>\n<div class=\"col-xs-6 col-lg-3\">\n<div class=\"thumbnail\">\n<p><img decoding=\"async\" class=\"img-responsive img-rounded\" src=\"\/files\/2026\/02\/leonardo.jpg\" alt=\"Leonardo Chaves de Carvalho\" \/><\/p>\n<div class=\"nome\">Leonardo Chaves de Carvalho<\/div>\n<p><a class=\"lattes-link\" href=\"https:\/\/lattes.cnpq.br\/8961177388986184\" target=\"_blank\" rel=\"noopener\">Curr\u00edculo Lattes<\/a><\/p>\n<\/div>\n<\/div>\n<div class=\"col-xs-6 col-lg-3\">\n<div class=\"thumbnail\">\n<p><img decoding=\"async\" class=\"img-responsive img-rounded\" src=\"\/files\/2025\/09\/luciana.jpg\" alt=\"Luciana Battistotti Duailibe Furtado\" \/><\/p>\n<div class=\"nome\">Luciana Battistotti Duailibe Furtado<\/div>\n<p><a class=\"lattes-link\" href=\"https:\/\/lattes.cnpq.br\/5351704965485426\" target=\"_blank\" rel=\"noopener\">Curr\u00edculo Lattes<\/a><\/p>\n<\/div>\n<\/div>\n<\/div>\n<div class=\"row\">\n<div class=\"col-xs-6 col-lg-3\">\n<div class=\"thumbnail\">\n<p><img decoding=\"async\" class=\"img-responsive img-rounded\" src=\"\/files\/2025\/09\/marcel.jpg\" alt=\"Marcel da Silva Lopes\" \/><\/p>\n<div class=\"nome\">Marcel da Silva Lopes<\/div>\n<p><a class=\"lattes-link\" href=\"https:\/\/lattes.cnpq.br\/1073381232927246\" target=\"_blank\" rel=\"noopener\">Curr\u00edculo Lattes<\/a><\/p>\n<\/div>\n<\/div>\n<div class=\"col-xs-6 col-lg-3\">\n<div class=\"thumbnail\">\n<p><img decoding=\"async\" class=\"img-responsive img-rounded\" src=\"\/files\/2025\/09\/rafael.jpg\" alt=\"Rafael Domingos Ledesma de Nadai\" \/><\/p>\n<div class=\"nome\">Rafael Domingos Ledesma de Nadai<\/div>\n<p><a class=\"lattes-link\" href=\"https:\/\/lattes.cnpq.br\/7620973682267481\" target=\"_blank\" rel=\"noopener\">Curr\u00edculo Lattes<\/a><\/p>\n<\/div>\n<\/div>\n<div class=\"col-xs-6 col-lg-3\">\n<div class=\"thumbnail\">\n<p><img decoding=\"async\" class=\"img-responsive img-rounded\" src=\"\/files\/2025\/09\/ricardo.jpg\" alt=\"Ricardo Shodi Hiratsuka\" \/><\/p>\n<div class=\"nome\">Ricardo Shodi Hiratsuka<\/div>\n<p><a class=\"lattes-link\" href=\"https:\/\/lattes.cnpq.br\/5946626446820828\" target=\"_blank\" rel=\"noopener\">Curr\u00edculo Lattes<\/a><\/p>\n<\/div>\n<\/div>\n<div class=\"col-xs-6 col-lg-3\">\n<div class=\"thumbnail\">\n<p><img decoding=\"async\" class=\"img-responsive img-rounded\" src=\"\/files\/2025\/09\/tais.jpg\" alt=\"Tais Marina Tellaroli Fenelon\" \/><\/p>\n<div class=\"nome\">Tais Marina Tellaroli Fenelon<\/div>\n<p><a class=\"lattes-link\" href=\"https:\/\/lattes.cnpq.br\/8225695133457017\" target=\"_blank\" rel=\"noopener\">Curr\u00edculo Lattes<\/a><\/p>\n<\/div>\n<\/div>\n<\/div>\n<div class=\"row\">\n<div class=\"col-xs-6 col-lg-3\">\n<div class=\"thumbnail\">\n<p><img decoding=\"async\" class=\"img-responsive img-rounded\" src=\"\/files\/2025\/09\/thauanna.jpg\" alt=\"Thauanna Correa Mendon\u00e7a Vilhalba\" \/><\/p>\n<div class=\"nome\">Thauanna Correa Mendon\u00e7a Vilhalba<\/div>\n<p><a class=\"lattes-link\" href=\"https:\/\/lattes.cnpq.br\/5318823646847188\" target=\"_blank\" rel=\"noopener\">Curr\u00edculo Lattes<\/a><\/p>\n<\/div>\n<\/div>\n<div class=\"col-xs-6 col-lg-3\">\n<div class=\"thumbnail\">\n<p><img decoding=\"async\" class=\"img-responsive img-rounded\" src=\"\/files\/2026\/02\/vinicius.jpg\" alt=\"Vin\u00edcius Buscioli Capistrano\" \/><\/p>\n<div class=\"nome\">Vin\u00edcius Buscioli Capistrano<\/div>\n<p><a class=\"lattes-link\" href=\"https:\/\/lattes.cnpq.br\/5095346131063174\" target=\"_blank\" rel=\"noopener\">Curr\u00edculo Lattes<\/a><\/p>\n<\/div>\n<\/div>\n<\/div>\n<h3 class=\"text-blue\">Estudantes<\/h3>\n<div class=\"row\">\n<div class=\"col-xs-6 col-lg-3\">\n<div class=\"thumbnail\">\n<p><img decoding=\"async\" class=\"img-responsive img-rounded\" src=\"\/files\/2025\/09\/chirslayne.jpg\" alt=\"Chrislayne Farias Barbosa\" \/><\/p>\n<div class=\"nome\">Chrislayne Farias Barbosa<\/div>\n<p><a class=\"lattes-link\" href=\"https:\/\/lattes.cnpq.br\/3894336388476178\" target=\"_blank\" rel=\"noopener\">Curr\u00edculo Lattes<\/a><\/p>\n<\/div>\n<\/div>\n<div class=\"col-xs-6 col-lg-3\">\n<div class=\"thumbnail\">\n<p><img decoding=\"async\" class=\"img-responsive img-rounded\" src=\"\/files\/2025\/09\/ellen-freitas.jpg\" alt=\"Ellen Freitas Fernandes\" \/><\/p>\n<div class=\"nome\">Ellen Freitas Fernandes<\/div>\n<p><a class=\"lattes-link\" href=\"https:\/\/lattes.cnpq.br\/8527995015187847\" target=\"_blank\" rel=\"noopener\">Curr\u00edculo Lattes<\/a><\/p>\n<\/div>\n<\/div>\n<div class=\"col-xs-6 col-lg-3\">\n<div class=\"thumbnail\">\n<p><img decoding=\"async\" class=\"img-responsive img-rounded\" src=\"\/files\/2025\/09\/luana.jpg\" alt=\"Luana Passini\" \/><\/p>\n<div class=\"nome\">Luana Passini<\/div>\n<p><a class=\"lattes-link\" href=\"https:\/\/lattes.cnpq.br\/0535742790425601\" target=\"_blank\" rel=\"noopener\">Curr\u00edculo Lattes<\/a><\/p>\n<\/div>\n<\/div>\n<\/div>\n<div class=\"row\">\n<div class=\"col-xs-6 col-lg-3\">\n<div class=\"thumbnail\">\n<p><img decoding=\"async\" class=\"img-responsive img-rounded\" src=\"\/files\/2026\/02\/sanmyr.jpg\" alt=\"Sanmyr Bezerra de Moura Albuquerque\" \/><\/p>\n<div class=\"nome\">Sanmyr Bezerra de Moura Albuquerque<\/div>\n<p><a class=\"lattes-link\" href=\"https:\/\/lattes.cnpq.br\/4051903072304217\" target=\"_blank\" rel=\"noopener\">Curr\u00edculo Lattes<\/a><\/p>\n<\/div>\n<\/div>\n<\/div>","protected":false},"excerpt":{"rendered":"<p>O Observat\u00f3rio da Cidadania \u00e9 um espa\u00e7o criado para aproximar informa\u00e7\u00e3o de qualidade das pessoas e apoiar a constru\u00e7\u00e3o de pol\u00edticas p\u00fablicas efetivas. Acreditamos que, com dados certos e conhecimento acess\u00edvel, todo mundo pode entender melhor sua realidade, lutar pelos seus direitos e reconhecer seus deveres. Somos uma equipe multidisciplinar de pesquisadores, todos trabalhando juntos [&hellip;]<\/p>\n","protected":false},"author":16740,"featured_media":0,"parent":0,"menu_order":0,"comment_status":"closed","ping_status":"closed","template":"page-templates\/full-width.php","meta":{"footnotes":""},"coauthors":[19],"class_list":["post-46","page","type-page","status-publish","hentry"],"_links":{"self":[{"href":"https:\/\/observatoriodacidadania.ufms.br\/en\/wp-json\/wp\/v2\/pages\/46","targetHints":{"allow":["GET"]}}],"collection":[{"href":"https:\/\/observatoriodacidadania.ufms.br\/en\/wp-json\/wp\/v2\/pages"}],"about":[{"href":"https:\/\/observatoriodacidadania.ufms.br\/en\/wp-json\/wp\/v2\/types\/page"}],"author":[{"embeddable":true,"href":"https:\/\/observatoriodacidadania.ufms.br\/en\/wp-json\/wp\/v2\/users\/16740"}],"replies":[{"embeddable":true,"href":"https:\/\/observatoriodacidadania.ufms.br\/en\/wp-json\/wp\/v2\/comments?post=46"}],"version-history":[{"count":82,"href":"https:\/\/observatoriodacidadania.ufms.br\/en\/wp-json\/wp\/v2\/pages\/46\/revisions"}],"predecessor-version":[{"id":2505,"href":"https:\/\/observatoriodacidadania.ufms.br\/en\/wp-json\/wp\/v2\/pages\/46\/revisions\/2505"}],"wp:attachment":[{"href":"https:\/\/observatoriodacidadania.ufms.br\/en\/wp-json\/wp\/v2\/media?parent=46"}],"wp:term":[{"taxonomy":"author","embeddable":true,"href":"https:\/\/observatoriodacidadania.ufms.br\/en\/wp-json\/wp\/v2\/coauthors?post=46"}],"curies":[{"name":"wp","href":"https:\/\/api.w.org\/{rel}","templated":true}]}}