{"id":30,"date":"2024-04-20T10:05:59","date_gmt":"2024-04-20T14:05:59","guid":{"rendered":"https:\/\/observatoriodacidadania.ufms.br\/?page_id=30"},"modified":"2025-07-16T11:56:13","modified_gmt":"2025-07-16T15:56:13","slug":"como-atuamos","status":"publish","type":"page","link":"https:\/\/observatoriodacidadania.ufms.br\/en\/como-atuamos\/","title":{"rendered":"Como Atuamos"},"content":{"rendered":"<p><img decoding=\"async\" src=\"\/files\/2025\/07\/capa-site-2025-v2.png\" alt=\"Dados que revelam. Di\u00e1logo que inspira. A\u00e7\u00e3o que transforma.\" class=\"img-responsive\"\/><\/p>\n<p class=\"text-justify\">Para melhorar o nosso dia a dia, \u00e9 fundamental conhecer a realidade \u00e0 nossa volta. S\u00f3 assim conseguimos distinguir o que est\u00e1 funcionando do que precisa melhorar. Precisamos saber dos resultados, entender o perfil das pessoas, como vivem, em que condi\u00e7\u00f5es, quais s\u00e3o os desafios e as oportunidades.<\/p>\n<p class=\"text-justify\">O <b>Observat\u00f3rio da Cidadania de Mato Grosso do Sul <\/b>existe para isso: levar informa\u00e7\u00e3o de qualidade at\u00e9 voc\u00ea. Coletamos, organizamos e analisamos dados sobre renda, educa\u00e7\u00e3o, sa\u00fade, economia e sobre diferentes grupos da popula\u00e7\u00e3o \u2014 como pessoas com defici\u00eancia, pessoas idosas, juventude e povos origin\u00e1rios.<\/p>\n<p class=\"text-justify\">Nosso trabalho \u00e9 conversar com gestores p\u00fablicos e com a sociedade, construir pontes e fortalecer uma gest\u00e3o mais aberta e participativa. Apresentamos os dados e indicadores de cada munic\u00edpio de forma clara, para que voc\u00ea conhe\u00e7a melhor seus direitos, seus deveres e as possibilidades de transforma\u00e7\u00e3o.<\/p>\n<p class=\"text-justify\">Usamos diversos canais \u2014 site, redes sociais, publica\u00e7\u00f5es e eventos \u2014 para fazer a informa\u00e7\u00e3o chegar de um jeito f\u00e1cil e acess\u00edvel.<\/p>\n<p class=\"text-justify\">Nossa miss\u00e3o \u00e9 fortalecer a cidadania, dar voz \u00e0s pessoas e apoiar uma gest\u00e3o p\u00fablica mais transparente, justa e eficiente.<\/p>\n<p class=\"text-justify\"><b>Conhe\u00e7a o nosso trabalho e venha com a gente fortalecer a cidadania!<\/b><\/p>\n","protected":false},"excerpt":{"rendered":"<p>Para melhorar o nosso dia a dia, \u00e9 fundamental conhecer a realidade \u00e0 nossa volta. S\u00f3 assim conseguimos distinguir o que est\u00e1 funcionando do que precisa melhorar. Precisamos saber dos resultados, entender o perfil das pessoas, como vivem, em que condi\u00e7\u00f5es, quais s\u00e3o os desafios e as oportunidades. O Observat\u00f3rio da Cidadania de Mato Grosso [&hellip;]<\/p>\n","protected":false},"author":16740,"featured_media":0,"parent":0,"menu_order":0,"comment_status":"closed","ping_status":"closed","template":"","meta":{"footnotes":""},"coauthors":[19],"class_list":["post-30","page","type-page","status-publish","hentry"],"_links":{"self":[{"href":"https:\/\/observatoriodacidadania.ufms.br\/en\/wp-json\/wp\/v2\/pages\/30","targetHints":{"allow":["GET"]}}],"collection":[{"href":"https:\/\/observatoriodacidadania.ufms.br\/en\/wp-json\/wp\/v2\/pages"}],"about":[{"href":"https:\/\/observatoriodacidadania.ufms.br\/en\/wp-json\/wp\/v2\/types\/page"}],"author":[{"embeddable":true,"href":"https:\/\/observatoriodacidadania.ufms.br\/en\/wp-json\/wp\/v2\/users\/16740"}],"replies":[{"embeddable":true,"href":"https:\/\/observatoriodacidadania.ufms.br\/en\/wp-json\/wp\/v2\/comments?post=30"}],"version-history":[{"count":31,"href":"https:\/\/observatoriodacidadania.ufms.br\/en\/wp-json\/wp\/v2\/pages\/30\/revisions"}],"predecessor-version":[{"id":1672,"href":"https:\/\/observatoriodacidadania.ufms.br\/en\/wp-json\/wp\/v2\/pages\/30\/revisions\/1672"}],"wp:attachment":[{"href":"https:\/\/observatoriodacidadania.ufms.br\/en\/wp-json\/wp\/v2\/media?parent=30"}],"wp:term":[{"taxonomy":"author","embeddable":true,"href":"https:\/\/observatoriodacidadania.ufms.br\/en\/wp-json\/wp\/v2\/coauthors?post=30"}],"curies":[{"name":"wp","href":"https:\/\/api.w.org\/{rel}","templated":true}]}}