{"id":2081,"date":"2025-11-03T15:26:18","date_gmt":"2025-11-03T19:26:18","guid":{"rendered":"https:\/\/observatoriodacidadania.ufms.br\/?page_id=2081"},"modified":"2026-05-10T11:03:10","modified_gmt":"2026-05-10T15:03:10","slug":"notas-populacao-quilombola","status":"publish","type":"page","link":"https:\/\/observatoriodacidadania.ufms.br\/en\/notas-populacao-quilombola\/","title":{"rendered":"NOTAS T\u00c9CNICAS \u2013 POPULA\u00c7\u00c3O QUILOMBOLA"},"content":{"rendered":"<p class=\"no-ident text-justify\">Este painel tem como objetivo dar visibilidade \u00e0 presen\u00e7a e \u00e0s condi\u00e7\u00f5es de vida da popula\u00e7\u00e3o quilombola em Mato Grosso do Sul. Ao reunir dados sobre a distribui\u00e7\u00e3o territorial, perfil populacional, moradia, educa\u00e7\u00e3o e saneamento, o painel contribui para o reconhecimento da diversidade \u00e9tnico-racial e para o fortalecimento de pol\u00edticas p\u00fablicas voltadas \u00e0 equidade social e ao direito \u00e0 cidadania dessa popula\u00e7\u00e3o.<\/p>\n<p class=\"no-ident text-justify\"><b>Como contribuir:<\/b><\/p>\n<p class=\"no-ident text-justify\">Caso tenha sugest\u00f5es de informa\u00e7\u00f5es ou funcionalidades a serem inclu\u00eddas, bem como se identificar inconsist\u00eancias, escreva para:observa.cidadania@ufms.br.<\/p>\n<p class=\"no-ident text-justify\">Ao unir tecnologia, dados abertos e participa\u00e7\u00e3o social, este painel busca ser um espa\u00e7o de di\u00e1logo permanente, juntos, podemos construir um espa\u00e7o colaborativo e inclusivo! Agradecemos seu apoio!<\/p>\n<p class=\"no-ident text-justify\"><b>Informa\u00e7\u00f5es T\u00e9cnicas e Conceitos Utilizados no Painel<\/p>\n<p class=\"no-ident text-justify\"><b>Defini\u00e7\u00e3o de pessoa quilombola (Censo 2022):<\/b><\/p>\n<p class=\"no-ident text-justify\">No \u00e2mbito da pesquisa Censo Demogr\u00e1fico 2022 definiu-se como quilombola a pessoa residente em localidades quilombolas que se declarou quilombola e como localidades quilombolas aquelas que comp\u00f5em o conjunto dos Territ\u00f3rios Quilombolas oficialmente delimitados, dos agrupamentos quilombolas e das demais \u00e1reas de conhecida ou potencial ocupa\u00e7\u00e3o quilombola.<\/p>\n<p class=\"no-ident text-justify\">O conjunto dos Territ\u00f3rios Quilombolas oficialmente delimitados \u00e9 composto pelos territ\u00f3rios com alguma delimita\u00e7\u00e3o formal na data de refer\u00eancia da pesquisa \u2013 31 de julho de 2022, conforme os cadastros do Instituto Nacional de Coloniza\u00e7\u00e3o e Reforma Agr\u00e1ria \u2013 INCRA e dos \u00f3rg\u00e3os com compet\u00eancias fundi\u00e1rias nos Estados e Munic\u00edpios.<\/p>\n<p class=\"no-ident text-justify\"><b>Territ\u00f3rios quilombolas:<\/b> Definiu-se como localidades quilombolas aquelas que comp\u00f5em o conjunto dos Territ\u00f3rios Quilombolas oficialmente delimitados, dos agrupamentos quilombolas e das demais \u00e1reas de conhecida ou potencial ocupa\u00e7\u00e3o quilombola. De acordo com   Censo Demogr\u00e1fico 2022, o conjunto dos Territ\u00f3rios Quilombolas oficialmente delimitados foi formado por aqueles que apresentavam alguma delimita\u00e7\u00e3o formal no acervo fundi\u00e1rio do Incra ou dos \u00f3rg\u00e3os com compet\u00eancias fundi\u00e1rias nos estados e munic\u00edpios na data de 31 de julho de 2022, data de refer\u00eancia da pesquisa (IBGE, 2022).<\/p>\n<p class=\"no-ident text-justify\"><b>Comunidades Quilombolas:<\/b> tamb\u00e9m chamados de remanescentes das comunidades dos quilombos, conforme o Decreto n\u00ba 4.887, de 20 de novembro de 2003, s\u00e3o grupos \u00e9tnico-raciais, segundo crit\u00e9rios de autoatribui\u00e7\u00e3o, com trajet\u00f3ria hist\u00f3rica pr\u00f3pria, dotados de rela\u00e7\u00f5es territoriais espec\u00edficas, com presun\u00e7\u00e3o de ancestralidade negra relacionada \u00e0 resist\u00eancia \u00e0 opress\u00e3o hist\u00f3rica sofrida.<\/p>\n<p class=\"no-ident text-justify\"><b>Domic\u00edlio:<\/b> Local estruturalmente separado e independente que se destina a servir de habita\u00e7\u00e3o a uma ou mais pessoas, ou que est\u00e1 sendo utilizado como tal. Classifica-se como particular o domic\u00edlio constru\u00eddo para servir exclusivamente \u00e0 habita\u00e7\u00e3o e que tem a finalidade de servir de moradia a uma ou mais pessoas.<\/p>\n<p class=\"no-ident text-justify\"><b>Domic\u00edlios Particulares Permanentes:<\/b> S\u00e3o unidades habitacionais constru\u00eddas para servir exclusivamente de moradia (casa, apartamento ou c\u00f4modo), com ocupa\u00e7\u00e3o permanente ou de temporada.<\/p>\n<p class=\"no-ident text-justify\"><b>Domic\u00edlios em Territ\u00f3rios Quilombolas:<\/b> Domic\u00edlios particulares permanentes ocupados localizados em territ\u00f3rios quilombolas.<\/p>\n<p class=\"no-ident text-justify\"><b>Domic\u00edlios com Moradores Quilombolas:<\/b> Domic\u00edlios particulares permanentes ocupados com pelo menos um morador quilombola.<\/p>\n<p class=\"no-ident text-justify\"><b>Resid\u00eancia:<\/b> Resid\u00eancia \u00e9 o local onde a pessoa mora com intuito permanente, que pode coincidir com o domic\u00edlio legal. Diferente das moradas provis\u00f3rias, como os casos de hot\u00e9is ou aquelas temporadas em casa de um amigo ou um parente.<\/p>\n<p class=\"no-ident text-justify\"><b>Moradores:<\/b> refere-se \u00e0s pessoas que residiam em um domic\u00edlio na data de refer\u00eancia do Censo, considerado seu local habitual de habita\u00e7\u00e3o. Inclui quem estava presente ou ausente temporariamente, definindo a popula\u00e7\u00e3o residente e servindo de base para calcular os habitantes por \u00e1rea.<\/p>\n<p class=\"no-ident text-justify\"><b>Demografia e Indicadores<\/b><\/p>\n<p class=\"no-ident text-justify\"><b>Idade mediana:<\/b><\/p>\n<p class=\"no-ident text-justify\">Divide a popula\u00e7\u00e3o em duas partes iguais segundo a idade \u2014 metade mais jovem e metade mais velha.<\/p>\n<p class=\"no-ident text-justify\"><b>\u00cdndice de Envelhecimento:<\/b><\/p>\n<p class=\"no-ident text-justify\">O \u00edndice de envelhecimento (IE) representa o n\u00famero de pessoas com 60 anos ou mais de idade em rela\u00e7\u00e3o a um grupo de 100 pessoas de at\u00e9 14 anos de idade. \u00c9 determinado pela seguinte f\u00f3rmula: IE = (P60+ \/ P0-14) x 100 Sendo P60+ representando a popula\u00e7\u00e3o de 60 anos ou mais de idade e P0-14 a popula\u00e7\u00e3o de 0 a 14 anos.<\/p>\n<p class=\"no-ident text-justify\"><b>Taxa de alfabetiza\u00e7\u00e3o:<\/b><\/p>\n<p class=\"no-ident text-justify\">Percentual de pessoas com 15 anos ou mais que sabem ler e escrever pelo menos um bilhete simples no idioma que conhecem.<\/p>\n<p class=\"no-ident text-justify\"><b>Raz\u00e3o de sexo:<\/b><\/p>\n<p class=\"no-ident text-justify\">A raz\u00e3o de sexo (RS) representa o n\u00famero de homens em rela\u00e7\u00e3o a um grupo de 100 mulheres em uma popula\u00e7\u00e3o. \u00c9 determinada pela seguinte f\u00f3rmula: RS = (PH \/ PM) x 100 Sendo PH representando a popula\u00e7\u00e3o de homens e PM a popula\u00e7\u00e3o de mulheres.<\/p>\n<p class=\"no-ident text-justify\"><b>Urbaniza\u00e7\u00e3o, Moradia e Saneamento<\/b><\/p>\n<p class=\"no-ident text-justify\"><b>\u00c1rea urbanizada:<\/b><\/p>\n<p class=\"no-ident text-justify\">Espa\u00e7o com ocupa\u00e7\u00e3o consolidada, presen\u00e7a de edifica\u00e7\u00f5es permanentes e infraestrutura urbana (vias, ilumina\u00e7\u00e3o p\u00fablica, redes de \u00e1gua, esgoto, energia el\u00e9trica etc.).<\/p>\n<p class=\"no-ident text-justify\"><b>Tipo de moradia (domic\u00edlio particular permanente):<\/b><\/p>\n<p class=\"no-ident text-justify\">Im\u00f3vel destinado exclusivamente \u00e0 moradia, efetivamente ocupado no momento da coleta do Censo. Inclui casas, apartamentos, casas de vila, entre outros.<\/p>\n<p class=\"no-ident text-justify\"><b>Tipo de esgotamento sanit\u00e1rio:<\/b><\/p>\n<p class=\"no-ident text-justify\">Os domic\u00edlios com banheiro ou sanit\u00e1rio s\u00e3o classificados conforme o destino do esgoto (rede geral, fossa s\u00e9ptica ligada ou n\u00e3o \u00e0 rede, fossa rudimentar, vala, lan\u00e7amento em corpo h\u00eddrico, entre outros).<\/p>\n<p class=\"no-ident text-justify\">Rede Geral ou Pluvial corresponde aos domic\u00edlios ligados \u00e0 rede geral de esgoto, rede pluvial ou que utilizam fossa s\u00e9ptica ou fossa filtro.<\/p>\n<p class=\"no-ident text-justify\">Fossa Rudimentar, buraco etc. corresponde aos domic\u00edlios que utilizam fossa rudimentar, buraco, vala, rio, c\u00f3rrego, mar, outra forma improvisada ou que n\u00e3o possuem   sistema de esgotamento sanit\u00e1rio devido \u00e0 aus\u00eancia de banheiro ou sanit\u00e1rio.<\/p>\n<p class=\"no-ident text-justify\"><b>Abastecimento de \u00e1gua:<\/b> Classifica\u00e7\u00e3o da exist\u00eancia de canaliza\u00e7\u00e3o da \u00e1gua utilizada no domic\u00edlio particular permanente em: <b>com canaliza\u00e7\u00e3o interna<\/b> &#8211; quando o domic\u00edlio tem \u00e1gua canalizada para pelo menos um c\u00f4modo; ou <b>sem canaliza\u00e7\u00e3o interna<\/b> &#8211; quando o domic\u00edlio n\u00e3o tem \u00e1gua canalizada para nenhum c\u00f4modo. A proveni\u00eancia da \u00e1gua utilizada nos domic\u00edlios \u00e9 classificada em: <b>rede geral de distribui\u00e7\u00e3o<\/b> &#8211; quando a forma utilizada de abastecimento de \u00e1gua consiste de liga\u00e7\u00e3o direta do domic\u00edlio, terreno ou propriedade a um conjunto de tubula\u00e7\u00f5es interligadas e instaladas ao longo das vias p\u00fablicas, junto \u00e0s unidades ou pr\u00e9dios, e que conduz a \u00e1gua aos pontos de consumo; ou <b>outra<\/b> &#8211; quando o domic\u00edlio utiliza \u00e1gua proveniente de po\u00e7o profundo ou artesiano; po\u00e7o raso, fre\u00e1tico ou cacimba; fonte ou nascente; \u00e1gua de chuva armazenada em cisterna, caixa de cimento, gal\u00f5es, tanques de material pl\u00e1stico; ou \u00e1gua obtida de forma diferente das citadas anteriormente, tal como \u00e1gua de rios, a\u00e7udes, lagos, igarap\u00e9s, caminh\u00f5es-pipas etc.\n<\/p>","protected":false},"excerpt":{"rendered":"<p>Este painel tem como objetivo dar visibilidade \u00e0 presen\u00e7a e \u00e0s condi\u00e7\u00f5es de vida da popula\u00e7\u00e3o quilombola em Mato Grosso do Sul. Ao reunir dados sobre a distribui\u00e7\u00e3o territorial, perfil populacional, moradia, educa\u00e7\u00e3o e saneamento, o painel contribui para o reconhecimento da diversidade \u00e9tnico-racial e para o fortalecimento de pol\u00edticas p\u00fablicas voltadas \u00e0 equidade social [&hellip;]<\/p>\n","protected":false},"author":1087,"featured_media":0,"parent":0,"menu_order":0,"comment_status":"closed","ping_status":"closed","template":"","meta":{"footnotes":""},"coauthors":[21],"class_list":["post-2081","page","type-page","status-publish","hentry"],"_links":{"self":[{"href":"https:\/\/observatoriodacidadania.ufms.br\/en\/wp-json\/wp\/v2\/pages\/2081","targetHints":{"allow":["GET"]}}],"collection":[{"href":"https:\/\/observatoriodacidadania.ufms.br\/en\/wp-json\/wp\/v2\/pages"}],"about":[{"href":"https:\/\/observatoriodacidadania.ufms.br\/en\/wp-json\/wp\/v2\/types\/page"}],"author":[{"embeddable":true,"href":"https:\/\/observatoriodacidadania.ufms.br\/en\/wp-json\/wp\/v2\/users\/1087"}],"replies":[{"embeddable":true,"href":"https:\/\/observatoriodacidadania.ufms.br\/en\/wp-json\/wp\/v2\/comments?post=2081"}],"version-history":[{"count":12,"href":"https:\/\/observatoriodacidadania.ufms.br\/en\/wp-json\/wp\/v2\/pages\/2081\/revisions"}],"predecessor-version":[{"id":2515,"href":"https:\/\/observatoriodacidadania.ufms.br\/en\/wp-json\/wp\/v2\/pages\/2081\/revisions\/2515"}],"wp:attachment":[{"href":"https:\/\/observatoriodacidadania.ufms.br\/en\/wp-json\/wp\/v2\/media?parent=2081"}],"wp:term":[{"taxonomy":"author","embeddable":true,"href":"https:\/\/observatoriodacidadania.ufms.br\/en\/wp-json\/wp\/v2\/coauthors?post=2081"}],"curies":[{"name":"wp","href":"https:\/\/api.w.org\/{rel}","templated":true}]}}