{"id":17,"date":"2024-04-16T14:18:42","date_gmt":"2024-04-16T18:18:42","guid":{"rendered":"https:\/\/observatoriodacidadania.ufms.br\/?page_id=17"},"modified":"2025-10-29T17:25:33","modified_gmt":"2025-10-29T21:25:33","slug":"contato","status":"publish","type":"page","link":"https:\/\/observatoriodacidadania.ufms.br\/en\/contato\/","title":{"rendered":"Fale Conosco"},"content":{"rendered":"<p>\ud83d\udcec Fale com a gente!<\/p>\n<p>Este \u00e9 o nosso espa\u00e7o de contato direto com voc\u00ea. Estamos aqui para ouvir, ajudar e construir juntos!<\/p>\n<p>Se tiver d\u00favidas, sugest\u00f5es, compartilhar ideias ou quiser saber mais sobre nosso trabalho, entre em contato pelos canais abaixo. Ser\u00e1 uma alegria conversar com voc\u00ea!<\/p>\n<p>Tamb\u00e9m estamos nas redes sociais. \ud83d\udd14 Siga, \u2764\ufe0f curta e \ud83d\udcac participe!<\/p>\n<p><i class=\"fa fa-envelope\"><\/i> <b>E-mail:<\/b>\u00a0<a href=\"mailto:observa.cidadania@ufms.br\">observa.cidadania@ufms.br<\/a><\/p>\n<p style=\"color:#ee2a7b!important\"><i class=\"fa fa-instagram\"><\/i> <strong>Instagram:<\/strong>\u00a0<a href=\"\/\/www.instagram.com\/observacidadaniams\/\" target=\"_blank\" rel=\"noopener\">@\u200cobservacidadaniams<\/a><\/p>\n<p style=\"color:#075E54!important\"><i class=\"fa fa-whatsapp\"><\/i> <strong>WhatsApp:<\/strong>\u00a0<a href=\"\/\/wa.me\/556733457486\" target=\"_blank\" rel=\"noopener\">(67) 3345-7486<\/a><\/p>\n<p>Endere\u00e7os <\/p>\n<ol>\n<li><strong>Instituto de F\u00edsica, Universidade Federal de Mato Grosso do Sul<\/strong><br \/>\nBloco V, Campo Grande &#8211; MS, 79070-900, Brasil<br \/>\n<a href=\"https:\/\/www.google.com\/maps\/place\/data=!4m2!3m1!1s0x9486e5f51267960f:0x9f37e4a117fb0ab7?sa=X&#038;ved=1t:8290&#038;ictx=111\" target=\"_blank\"><i class=\"fa fa-map-marker\"><\/i>Abrir mapa<\/a><br \/>&nbsp;<\/li>\n<li><strong>Secretaria de Estado da Cidadania de Mato Grosso do Sul<\/strong><br \/>Av. Cear\u00e1 984 &#8211; Vila Ant\u00f4nio Vendas, Campo Grande &#8211; MS, 79003-010<br \/>\n<a target=\"_blank\" href=\"https:\/\/maps.app.goo.gl\/SKCJ9kcUokRYsmid7\" rel=\"noopener\"><i class=\"fa fa-map-marker\"><\/i>Abrir mapa<\/a><\/li>\n<\/ol>\n","protected":false},"excerpt":{"rendered":"<p>\ud83d\udcec Fale com a gente! Este \u00e9 o nosso espa\u00e7o de contato direto com voc\u00ea. Estamos aqui para ouvir, ajudar e construir juntos! Se tiver d\u00favidas, sugest\u00f5es, compartilhar ideias ou quiser saber mais sobre nosso trabalho, entre em contato pelos canais abaixo. Ser\u00e1 uma alegria conversar com voc\u00ea! Tamb\u00e9m estamos nas redes sociais. \ud83d\udd14 Siga, [&hellip;]<\/p>\n","protected":false},"author":16740,"featured_media":0,"parent":0,"menu_order":0,"comment_status":"closed","ping_status":"closed","template":"","meta":{"footnotes":""},"coauthors":[19],"class_list":["post-17","page","type-page","status-publish","hentry"],"_links":{"self":[{"href":"https:\/\/observatoriodacidadania.ufms.br\/en\/wp-json\/wp\/v2\/pages\/17","targetHints":{"allow":["GET"]}}],"collection":[{"href":"https:\/\/observatoriodacidadania.ufms.br\/en\/wp-json\/wp\/v2\/pages"}],"about":[{"href":"https:\/\/observatoriodacidadania.ufms.br\/en\/wp-json\/wp\/v2\/types\/page"}],"author":[{"embeddable":true,"href":"https:\/\/observatoriodacidadania.ufms.br\/en\/wp-json\/wp\/v2\/users\/16740"}],"replies":[{"embeddable":true,"href":"https:\/\/observatoriodacidadania.ufms.br\/en\/wp-json\/wp\/v2\/comments?post=17"}],"version-history":[{"count":33,"href":"https:\/\/observatoriodacidadania.ufms.br\/en\/wp-json\/wp\/v2\/pages\/17\/revisions"}],"predecessor-version":[{"id":2079,"href":"https:\/\/observatoriodacidadania.ufms.br\/en\/wp-json\/wp\/v2\/pages\/17\/revisions\/2079"}],"wp:attachment":[{"href":"https:\/\/observatoriodacidadania.ufms.br\/en\/wp-json\/wp\/v2\/media?parent=17"}],"wp:term":[{"taxonomy":"author","embeddable":true,"href":"https:\/\/observatoriodacidadania.ufms.br\/en\/wp-json\/wp\/v2\/coauthors?post=17"}],"curies":[{"name":"wp","href":"https:\/\/api.w.org\/{rel}","templated":true}]}}