{"id":1314,"date":"2025-05-04T10:18:54","date_gmt":"2025-05-04T14:18:54","guid":{"rendered":"https:\/\/observatoriodacidadania.ufms.br\/?page_id=1314"},"modified":"2026-04-24T10:42:14","modified_gmt":"2026-04-24T14:42:14","slug":"apoios-institucionais","status":"publish","type":"page","link":"https:\/\/observatoriodacidadania.ufms.br\/en\/apoios-institucionais\/","title":{"rendered":"Apoios Institucionais"},"content":{"rendered":"<p class=\"text-justify\">A gente n\u00e3o caminha sozinho! O Observat\u00f3rio da Cidadania da Universidade Federal de Mato Grosso do Sul conta com o apoio de quem acredita que informa\u00e7\u00e3o e cidadania andam juntas.<\/p>\n<p class=\"text-justify\">Nossa parceria com a\u00a0<b>Secretaria de Estado da Cidadania do Estado de Mato Grosso do Sul<\/b>\u00a0(SEC\/MS) e a\u00a0<b>Funda\u00e7\u00e3o de Apoio ao Desenvolvimento do Ensino, Ci\u00eancia e Tecnologia<\/b>\u00a0(FUNDECT) \u00e9 o que d\u00e1 for\u00e7a para o nosso trabalho chegar cada vez mais longe.<\/p>\n<p class=\"text-justify\">Com esse apoio, conseguimos realizar a\u00e7\u00f5es, nos comunicar com a popula\u00e7\u00e3o e levar informa\u00e7\u00e3o e conhecimento de um jeito simples e acess\u00edvel. Al\u00e9m disso, buscamos contribuir para a formula\u00e7\u00e3o de pol\u00edticas p\u00fablicas que fazem a diferen\u00e7a na vida de muita gente.<\/p>\n<p class=\"text-justify\"><b>Vem conhecer o nosso trabalho e fazer parte dessa rede que promove a cidadania de verdade!<\/b><\/p>","protected":false},"excerpt":{"rendered":"<p>A gente n\u00e3o caminha sozinho! O Observat\u00f3rio da Cidadania da Universidade Federal de Mato Grosso do Sul conta com o apoio de quem acredita que informa\u00e7\u00e3o e cidadania andam juntas. Nossa parceria com a\u00a0Secretaria de Estado da Cidadania do Estado de Mato Grosso do Sul\u00a0(SEC\/MS) e a\u00a0Funda\u00e7\u00e3o de Apoio ao Desenvolvimento do Ensino, Ci\u00eancia e [&hellip;]<\/p>\n","protected":false},"author":1087,"featured_media":0,"parent":0,"menu_order":0,"comment_status":"closed","ping_status":"closed","template":"","meta":{"footnotes":""},"coauthors":[21],"class_list":["post-1314","page","type-page","status-publish","hentry"],"_links":{"self":[{"href":"https:\/\/observatoriodacidadania.ufms.br\/en\/wp-json\/wp\/v2\/pages\/1314","targetHints":{"allow":["GET"]}}],"collection":[{"href":"https:\/\/observatoriodacidadania.ufms.br\/en\/wp-json\/wp\/v2\/pages"}],"about":[{"href":"https:\/\/observatoriodacidadania.ufms.br\/en\/wp-json\/wp\/v2\/types\/page"}],"author":[{"embeddable":true,"href":"https:\/\/observatoriodacidadania.ufms.br\/en\/wp-json\/wp\/v2\/users\/1087"}],"replies":[{"embeddable":true,"href":"https:\/\/observatoriodacidadania.ufms.br\/en\/wp-json\/wp\/v2\/comments?post=1314"}],"version-history":[{"count":5,"href":"https:\/\/observatoriodacidadania.ufms.br\/en\/wp-json\/wp\/v2\/pages\/1314\/revisions"}],"predecessor-version":[{"id":2485,"href":"https:\/\/observatoriodacidadania.ufms.br\/en\/wp-json\/wp\/v2\/pages\/1314\/revisions\/2485"}],"wp:attachment":[{"href":"https:\/\/observatoriodacidadania.ufms.br\/en\/wp-json\/wp\/v2\/media?parent=1314"}],"wp:term":[{"taxonomy":"author","embeddable":true,"href":"https:\/\/observatoriodacidadania.ufms.br\/en\/wp-json\/wp\/v2\/coauthors?post=1314"}],"curies":[{"name":"wp","href":"https:\/\/api.w.org\/{rel}","templated":true}]}}