{"id":1106,"date":"2025-03-17T07:31:42","date_gmt":"2025-03-17T11:31:42","guid":{"rendered":"https:\/\/observatoriodacidadania.ufms.br\/?page_id=1106"},"modified":"2025-11-12T12:48:29","modified_gmt":"2025-11-12T16:48:29","slug":"notas-pessoas-idosas","status":"publish","type":"page","link":"https:\/\/observatoriodacidadania.ufms.br\/en\/notas-pessoas-idosas\/","title":{"rendered":"NOTAS T\u00c9CNICAS &#8211; PESSOAS IDOSAS"},"content":{"rendered":"<div class=\"text-justify\" style=\"font-weight: 400; font-size: 13pt; color: #555;text-indent: 25pt\">\n<p>O Painel &#8220;Pessoas Idosas&#8221; do Observat\u00f3rio da Cidadania de Mato Grosso do Sul \u00e9 uma ferramenta que oferece dados sobre a popula\u00e7\u00e3o idosa no estado e no Brasil, com foco em aspectos demogr\u00e1ficos, sociais, econ\u00f4micos e de qualidade de vida. Este painel re\u00fane indicadores atualizados regularmente, com o objetivo de subsidiar a cria\u00e7\u00e3o de pol\u00edticas p\u00fablicas e promover a\u00e7\u00f5es voltadas ao atendimento das necessidades dessa popula\u00e7\u00e3o.<\/p>\n<p>Ao integrar dados oficiais e informa\u00e7\u00f5es detalhadas, o painel facilita a tomada de decis\u00f5es fundamentadas em evid\u00eancias, promovendo a cidadania ativa e fortalecendo a gest\u00e3o p\u00fablica. Ele se posiciona como um ponto de refer\u00eancia para gestores, pesquisadores e a sociedade, incentivando a constru\u00e7\u00e3o de solu\u00e7\u00f5es coletivas que assegurem a dignidade e o bem-estar das pessoas idosas de Mato Grosso do Sul.<\/p>\n<p>Caso tenha sugest\u00f5es ou identifique inconsist\u00eancias nos dados, entre em contato pelo e-mail: <b>observa.cidadania@ufms.br<\/b>.<\/p>\n<p>A seguir, est\u00e3o os termos utilizados no reposit\u00f3rio e suas defini\u00e7\u00f5es:<\/p>\n<p>&nbsp;<br \/>\n    <u>Pessoas Idosas<\/u><\/p>\n<p>Considera-se pessoa idosa a popula\u00e7\u00e3o residente com com 60 anos ou mais, conforme o Estatuto da Pessoa Idosa (<a href=\"\/\/www.planalto.gov.br\/ccivil_03\/leis\/2003\/L10.741compilado.htm\" target=\"_blank\" rel=\"noopener\">Lei n\u00ba 10.741\/2003<\/a>)<\/p>\n<p>&nbsp;<br \/>\n    <u>Cor ou Ra\u00e7a<\/u><\/p>\n<p>Caracter\u00edstica declarada pelas pessoas com base nas seguintes op\u00e7\u00f5es: branca, preta, amarela (pessoa de origem japonesa, chinesa, coreana etc.), parda (mulata, cabocla, cafuza, mameluca ou mesti\u00e7a de preto com pessoa de outra cor ou ra\u00e7a), ou ind\u00edgena (pessoa ind\u00edgena ou \u00edndia).<\/p>\n<p>&nbsp;<br \/>\n    <u>Preta\/Parda<\/u><\/p>\n<p>Embora o termo &#8220;negro&#8221; abarque os grupos &#8220;preto&#8221; e &#8220;pardo&#8221;, nos dados deste painel, com base nos censos de 2010 e 2022 do IBGE, essas categorias s\u00e3o apresentadas separadamente. As op\u00e7\u00f5es de cor ou ra\u00e7a s\u00e3o: branca, preta, parda, amarela e ind\u00edgena.<\/p>\n<p>&nbsp;<br \/>\n    <u>Faixa Et\u00e1ria<\/u><\/p>\n<p>Refere-se a um intervalo espec\u00edfico de idade determinado para agrupar indiv\u00edduos com caracter\u00edsticas semelhantes<\/p>\n<p>&nbsp;<br \/>\n    <u>Alfabetiza\u00e7\u00e3o<\/u><\/p>\n<p>Segundo o IBGE, \u00e9 dividida entre alfabetizados (pessoas que sabem ler e escrever pelo menos um bilhete no idioma que conhecem) e n\u00e3o alfabetizados (pessoas que n\u00e3o sabem ler e escrever um bilhete no idioma que conhecem ).<\/p>\n<p>&nbsp;<br \/>\n    <u>CAGED<\/u><\/p>\n<p>Cadastro Geral de Empregados e Desempregados \u00e9 uma fonte de informa\u00e7\u00e3o que permite o acompanhamento e fiscaliza\u00e7\u00e3o do processo de admiss\u00e3o e de dispensa de trabalhadores regidos pela CLT. <\/p>\n<p>&nbsp;<br \/>\n    <u>CAGED &#8211; Faixa 65 anos ou mais<\/u><\/p>\n<p>A faixa et\u00e1ria de 65 anos ou mais foi adotada nos dados do CAGED para oferecer um recorte mais preciso da popula\u00e7\u00e3o idosa, devido \u00e0s limita\u00e7\u00f5es nos dados dispon\u00edveis no Painel do Novo CAGED, que consta no site do Minist\u00e9rio do Trabalho e Emprego. Embora o Estatuto do Idoso defina a partir dos 60 anos, o painel agrupa as faixas de 50 a 64 anos sem distinguir os dados individualmente das faixas entre 60 a 64 anos.<\/p>\n<p>&nbsp;<br \/>\n    <u>CAGED &#8211; Admiss\u00f5es<\/u><\/p>\n<p>N\u00famero de novos profissionais admitidos pelas empresas em um determinado per\u00edodo.<\/p>\n<p>&nbsp;<br \/>\n    <u>CAGED &#8211; Demiss\u00f5es<\/u><\/p>\n<p>N\u00famero de funcion\u00e1rios demitidos pelas empresas em um determinado per\u00edodo.<\/p>\n<p>&nbsp;<br \/>\n    <u>CAGED &#8211; Saldo<\/u><\/p>\n<p>Diferen\u00e7a entre o n\u00famero de novos profissionais admitidos e n\u00famero de funcion\u00e1rios demitidos pelas empresas em um determinado per\u00edodo.<\/p>\n<p>&nbsp;<br \/>\n    <u>Idade Mediana<\/u><\/p>\n<p>Segundo o IBGE, \u00e9 a medida separatriz que utiliza o crit\u00e9rio de idade para dividir a popula\u00e7\u00e3o em duas partes iguais, ou seja, \u00e9 a idade que separa a metade mais jovem da metade mais velha da popula\u00e7\u00e3o.<\/p>\n<p>&nbsp;<br \/>\n    <u>\u00cdndice de Envelhecimento<\/u><\/p>\n<p>Segundo o IBGE, o \u00edndice de envelhecimento (IE) representa o n\u00famero de pessoas com 60 anos ou mais de idade em rela\u00e7\u00e3o a um grupo de 100 pessoas de at\u00e9 14 anos de idade. \u00c9 determinado pela seguinte f\u00f3rmula:<\/p>\n<p><code>IE = (P60+ \/ P0-14) x 100<\/code><br \/>\n&nbsp;<br \/>\nSendo:\n<\/p>\n<ul>\n<li><b>P60+<\/b>: representando a popula\u00e7\u00e3o de 60 anos ou mais de idade; e<\/li>\n<li><b>P0-14<\/b> a popula\u00e7\u00e3o de 0 a 14 anos.<\/li>\n<\/ul>\n<p>&nbsp;<br \/>\n    <u>\u00cdndice de Envelhecimento no MS em 2010 e 2022<\/u><\/p>\n<p>O \u00edndice de envelhecimento de MS aumentou de 39,11 no Censo 2010 para 64,45 no Censo 2022, refletindo o crescimento da popula\u00e7\u00e3o idosa e a redu\u00e7\u00e3o da popula\u00e7\u00e3o infantil, influenciado pela maior longevidade e menores taxas de fecundidade.<\/p>\n<p>&nbsp;<br \/>\n    <u>Expectativa de vida<\/u><\/p>\n<p>A expectativa de vida, segundo o IBGE, \u00e9 a m\u00e9dia de anos que uma pessoa pode esperar viver, com base nas condi\u00e7\u00f5es de mortalidade de uma determinada popula\u00e7\u00e3o.<\/p>\n<p>A expectativa de vida apresentada no Painel refere-se \u00e0 faixa et\u00e1ria de 60 anos ou mais, pois a expectativa de vida geral, calculada pela T\u00e1bua de Mortalidade de 2023 (IBGE) para pessoas de 0 anos, \u00e9 diferente da expectativa de vida das pessoas com 60 anos ou mais. A T\u00e1bua de Mortalidade de 0 anos reflete a m\u00e9dia de vida para a popula\u00e7\u00e3o geral, enquanto a expectativa de vida a partir dos 60 anos leva em considera\u00e7\u00e3o a sobreviv\u00eancia das pessoas que j\u00e1 atingiram essa idade, resultando em uma estimativa superior, considerando as condi\u00e7\u00f5es de sa\u00fade e a mortalidade da popula\u00e7\u00e3o idosa. Para 2023, por exemplo, a T\u00e1bua de Mortalidade projetada forneceu uma expectativa de vida de 76,4 anos para a popula\u00e7\u00e3o total. Aos 60 anos, a expectativa de vida \u00e9 de 22,5 anos, totalizando 82,5 anos, com varia\u00e7\u00f5es por g\u00eanero: para homens, a expectativa \u00e9 de 20,7 anos (totalizando 80,7 anos), e para mulheres, \u00e9 de 24 anos (totalizando 84 anos).<\/p>\n<p>&nbsp;<br \/>\n    <u>Moradia &#8211; Tipos de Ocupa\u00e7\u00e3o<\/u><\/p>\n<p>No painel, os tipos de ocupa\u00e7\u00e3o est\u00e3o apresentados de forma compilada em quatro categorias gerais: Alugado, Cedido ou emprestado, Pr\u00f3prio de algum morador e Outra condi\u00e7\u00e3o. Esses tipos, no entanto, t\u00eam desdobramentos espec\u00edficos conforme os dados do Censo 2022, detalhando as diferentes formas de ocupa\u00e7\u00e3o:<\/p>\n<ul>\n<li><b>Alugado:<\/b> Refere-se a im\u00f3veis alugados para moradia.<\/li>\n<li><b>Cedido ou emprestado:<\/b> Engloba im\u00f3veis cedidos ou emprestados de diferentes formas, como cedido ou emprestado &#8211; outra forma, cedido ou emprestado &#8211; por empregador e cedido ou emprestado &#8211; por familiar.<\/li>\n<li><b>Pr\u00f3prio de algum morador:<\/b> Inclui im\u00f3veis de propriedade de um morador, com desdobramentos em pr\u00f3prio de algum morador &#8211; ainda pagando e pr\u00f3prio de algum morador &#8211; j\u00e1 pago, herdado ou ganho.<\/li>\n<li><b>Outra condi\u00e7\u00e3o:<\/b> Refere-se a outras formas de ocupa\u00e7\u00e3o que n\u00e3o se encaixam nas categorias acima.<\/li>\n<\/div>\n","protected":false},"excerpt":{"rendered":"<p>O Painel &#8220;Pessoas Idosas&#8221; do Observat\u00f3rio da Cidadania de Mato Grosso do Sul \u00e9 uma ferramenta que oferece dados sobre a popula\u00e7\u00e3o idosa no estado e no Brasil, com foco em aspectos demogr\u00e1ficos, sociais, econ\u00f4micos e de qualidade de vida. Este painel re\u00fane indicadores atualizados regularmente, com o objetivo de subsidiar a cria\u00e7\u00e3o de pol\u00edticas [&hellip;]<\/p>\n","protected":false},"author":1087,"featured_media":0,"parent":0,"menu_order":0,"comment_status":"closed","ping_status":"closed","template":"","meta":{"footnotes":""},"coauthors":[21],"class_list":["post-1106","page","type-page","status-publish","hentry"],"_links":{"self":[{"href":"https:\/\/observatoriodacidadania.ufms.br\/en\/wp-json\/wp\/v2\/pages\/1106","targetHints":{"allow":["GET"]}}],"collection":[{"href":"https:\/\/observatoriodacidadania.ufms.br\/en\/wp-json\/wp\/v2\/pages"}],"about":[{"href":"https:\/\/observatoriodacidadania.ufms.br\/en\/wp-json\/wp\/v2\/types\/page"}],"author":[{"embeddable":true,"href":"https:\/\/observatoriodacidadania.ufms.br\/en\/wp-json\/wp\/v2\/users\/1087"}],"replies":[{"embeddable":true,"href":"https:\/\/observatoriodacidadania.ufms.br\/en\/wp-json\/wp\/v2\/comments?post=1106"}],"version-history":[{"count":10,"href":"https:\/\/observatoriodacidadania.ufms.br\/en\/wp-json\/wp\/v2\/pages\/1106\/revisions"}],"predecessor-version":[{"id":2098,"href":"https:\/\/observatoriodacidadania.ufms.br\/en\/wp-json\/wp\/v2\/pages\/1106\/revisions\/2098"}],"wp:attachment":[{"href":"https:\/\/observatoriodacidadania.ufms.br\/en\/wp-json\/wp\/v2\/media?parent=1106"}],"wp:term":[{"taxonomy":"author","embeddable":true,"href":"https:\/\/observatoriodacidadania.ufms.br\/en\/wp-json\/wp\/v2\/coauthors?post=1106"}],"curies":[{"name":"wp","href":"https:\/\/api.w.org\/{rel}","templated":true}]}}